{"id":101,"date":"2025-12-06T10:44:43","date_gmt":"2025-12-06T10:44:43","guid":{"rendered":"https:\/\/safrabrasilfertilizantes.com.br\/loja\/?post_type=product&#038;p=101"},"modified":"2026-02-17T18:19:24","modified_gmt":"2026-02-17T18:19:24","slug":"thrive","status":"publish","type":"product","link":"https:\/\/safrabrasilfertilizantes.com.br\/loja\/produto\/thrive\/","title":{"rendered":"THRIVE"},"content":{"rendered":"<p>Thrive \u00e9 um espalhante adesivo com a fun\u00e7\u00e3o de melhorar fungicidas, inseticidas e<br \/>\nherbicidas devido a sua capacidade de fixa\u00e7\u00e3o e redu\u00e7\u00e3o de pH. Traz in\u00fameros<br \/>\nbenef\u00edcios como financeiro, agron\u00f4mico e ambientais, pois potencializa a performance melhorando a cobertura e fixa\u00e7\u00e3o.<\/p>\n<h2 data-start=\"734\" data-end=\"761\"><strong data-start=\"737\" data-end=\"761\">Recomenda\u00e7\u00f5es Gerais<\/strong><\/h2>\n<ul data-start=\"763\" data-end=\"978\">\n<li data-start=\"763\" data-end=\"851\">\n<p data-start=\"765\" data-end=\"851\">Aplicar via pulveriza\u00e7\u00e3o foliar, preferencialmente nos hor\u00e1rios mais frescos do dia.<\/p>\n<\/li>\n<li data-start=\"852\" data-end=\"910\">\n<p data-start=\"854\" data-end=\"910\">N\u00e3o h\u00e1 per\u00edodo de car\u00eancia entre aplica\u00e7\u00e3o e colheita.<\/p>\n<\/li>\n<li data-start=\"911\" data-end=\"978\">\n<p data-start=\"913\" data-end=\"978\">As doses podem variar conforme orienta\u00e7\u00e3o do t\u00e9cnico respons\u00e1vel.<\/p>\n<\/li>\n<\/ul>\n","protected":false},"excerpt":{"rendered":"<p class=\"elementor-heading-title elementor-size-default\">Thrive \u00e9 um espalhante adesivo com a fun\u00e7\u00e3o de melhorar fungicidas, inseticidas e herbicidas devido a sua capacidade de fixa\u00e7\u00e3o e redu\u00e7\u00e3o de pH. Traz in\u00fameros benef\u00edcios como financeiro, agron\u00f4mico e ambientais, pois potencializa a performance melhorando a cobertura e fixa\u00e7\u00e3o.<\/p>\n","protected":false},"featured_media":134,"comment_status":"open","ping_status":"closed","template":"","meta":[],"product_brand":[],"product_cat":[17],"product_tag":[],"class_list":{"0":"post-101","1":"product","2":"type-product","3":"status-publish","4":"has-post-thumbnail","6":"product_cat-liquidos","8":"first","9":"instock","10":"taxable","11":"shipping-taxable","12":"purchasable","13":"product-type-simple"},"_links":{"self":[{"href":"https:\/\/safrabrasilfertilizantes.com.br\/loja\/wp-json\/wp\/v2\/product\/101","targetHints":{"allow":["GET"]}}],"collection":[{"href":"https:\/\/safrabrasilfertilizantes.com.br\/loja\/wp-json\/wp\/v2\/product"}],"about":[{"href":"https:\/\/safrabrasilfertilizantes.com.br\/loja\/wp-json\/wp\/v2\/types\/product"}],"replies":[{"embeddable":true,"href":"https:\/\/safrabrasilfertilizantes.com.br\/loja\/wp-json\/wp\/v2\/comments?post=101"}],"wp:featuredmedia":[{"embeddable":true,"href":"https:\/\/safrabrasilfertilizantes.com.br\/loja\/wp-json\/wp\/v2\/media\/134"}],"wp:attachment":[{"href":"https:\/\/safrabrasilfertilizantes.com.br\/loja\/wp-json\/wp\/v2\/media?parent=101"}],"wp:term":[{"taxonomy":"product_brand","embeddable":true,"href":"https:\/\/safrabrasilfertilizantes.com.br\/loja\/wp-json\/wp\/v2\/product_brand?post=101"},{"taxonomy":"product_cat","embeddable":true,"href":"https:\/\/safrabrasilfertilizantes.com.br\/loja\/wp-json\/wp\/v2\/product_cat?post=101"},{"taxonomy":"product_tag","embeddable":true,"href":"https:\/\/safrabrasilfertilizantes.com.br\/loja\/wp-json\/wp\/v2\/product_tag?post=101"}],"curies":[{"name":"wp","href":"https:\/\/api.w.org\/{rel}","templated":true}]}}