{"id":136,"date":"2025-12-06T10:47:17","date_gmt":"2025-12-06T10:47:17","guid":{"rendered":"https:\/\/safrabrasilfertilizantes.com.br\/loja\/?post_type=product&#038;p=136"},"modified":"2026-02-17T18:19:18","modified_gmt":"2026-02-17T18:19:18","slug":"zenith-10-10-40","status":"publish","type":"product","link":"https:\/\/safrabrasilfertilizantes.com.br\/loja\/produto\/zenith-10-10-40\/","title":{"rendered":"ZENITH 10 10 40"},"content":{"rendered":"<div class=\"elementor-element elementor-element-065036a elementor-widget elementor-widget-text-editor\" data-id=\"065036a\" data-element_type=\"widget\" data-widget_type=\"text-editor.default\">\n<div class=\"elementor-widget-container\">\n<p>Zenith foi desenvolvido para atender as necessidades complementares de Nitrog\u00eanio,<br \/>\nF\u00f3sforo e Pot\u00e1ssio em qualquer fase da culutra, com o objeitovo de otimizar o desenvolvimento vegetativo e o equil\u00edbrio nutricional.<br \/>\nProduto sol\u00favel em \u00e1gua e de f\u00e1cil absor\u00e7\u00e3o pelo solo e tecidos vegetais.<\/p>\n<\/div>\n<\/div>\n<div class=\"elementor-element elementor-element-b65d176 elementor-widget elementor-widget-text-editor\" data-id=\"b65d176\" data-element_type=\"widget\" data-widget_type=\"text-editor.default\">\n<div class=\"elementor-widget-container\">\n<table>\n<thead>\n<tr>\n<th><strong>Culturas<\/strong><\/th>\n<th><strong>Dosagem<\/strong><\/th>\n<\/tr>\n<\/thead>\n<tbody>\n<tr>\n<td>Batata, cenoura, mandioca<\/td>\n<td><strong>1L\/ha<\/strong><\/td>\n<\/tr>\n<tr>\n<td>Laranja, lim\u00e3o, tangerina<\/td>\n<td><strong>1 L\/ha<\/strong><\/td>\n<\/tr>\n<tr>\n<td>Goiaba, manga, mam\u00e3o<\/td>\n<td><strong>1 L\/ha<\/strong><\/td>\n<\/tr>\n<tr>\n<td>Soja, feij\u00e3o, amendoim<\/td>\n<td><strong>1 L\/ha<\/strong><\/td>\n<\/tr>\n<tr>\n<td>Milho, trigo, pastagens<\/td>\n<td><strong>1 L\/ha<\/strong><\/td>\n<\/tr>\n<tr>\n<td>Hortali\u00e7as<\/td>\n<td><strong>1 L\/ha<\/strong><\/td>\n<\/tr>\n<tr>\n<td>Caf\u00e9<\/td>\n<td><strong>1 L\/ha<\/strong><\/td>\n<\/tr>\n<tr>\n<td>Cana-de-a\u00e7\u00facar<\/td>\n<td><strong>1 L\/ha<\/strong><\/td>\n<\/tr>\n<\/tbody>\n<\/table>\n<\/div>\n<\/div>\n","protected":false},"excerpt":{"rendered":"<p class=\"elementor-heading-title elementor-size-default\">Zenith foi desenvolvido para atender as necessidades complementares de Nitrog\u00eanio, F\u00f3sforo e Pot\u00e1ssio em qualquer fase da culutra, com o objeitovo de otimizar o desenvolvimento vegetativo e o equil\u00edbrio nutricional. Produto sol\u00favel em \u00e1gua e de f\u00e1cil absor\u00e7\u00e3o pelo solo e tecidos vegetais.<\/p>\n","protected":false},"featured_media":135,"comment_status":"open","ping_status":"closed","template":"","meta":[],"product_brand":[],"product_cat":[17],"product_tag":[],"class_list":{"0":"post-136","1":"product","2":"type-product","3":"status-publish","4":"has-post-thumbnail","6":"product_cat-liquidos","8":"first","9":"instock","10":"taxable","11":"shipping-taxable","12":"purchasable","13":"product-type-simple"},"_links":{"self":[{"href":"https:\/\/safrabrasilfertilizantes.com.br\/loja\/wp-json\/wp\/v2\/product\/136","targetHints":{"allow":["GET"]}}],"collection":[{"href":"https:\/\/safrabrasilfertilizantes.com.br\/loja\/wp-json\/wp\/v2\/product"}],"about":[{"href":"https:\/\/safrabrasilfertilizantes.com.br\/loja\/wp-json\/wp\/v2\/types\/product"}],"replies":[{"embeddable":true,"href":"https:\/\/safrabrasilfertilizantes.com.br\/loja\/wp-json\/wp\/v2\/comments?post=136"}],"wp:featuredmedia":[{"embeddable":true,"href":"https:\/\/safrabrasilfertilizantes.com.br\/loja\/wp-json\/wp\/v2\/media\/135"}],"wp:attachment":[{"href":"https:\/\/safrabrasilfertilizantes.com.br\/loja\/wp-json\/wp\/v2\/media?parent=136"}],"wp:term":[{"taxonomy":"product_brand","embeddable":true,"href":"https:\/\/safrabrasilfertilizantes.com.br\/loja\/wp-json\/wp\/v2\/product_brand?post=136"},{"taxonomy":"product_cat","embeddable":true,"href":"https:\/\/safrabrasilfertilizantes.com.br\/loja\/wp-json\/wp\/v2\/product_cat?post=136"},{"taxonomy":"product_tag","embeddable":true,"href":"https:\/\/safrabrasilfertilizantes.com.br\/loja\/wp-json\/wp\/v2\/product_tag?post=136"}],"curies":[{"name":"wp","href":"https:\/\/api.w.org\/{rel}","templated":true}]}}