{"id":137,"date":"2025-12-06T10:49:56","date_gmt":"2025-12-06T10:49:56","guid":{"rendered":"https:\/\/safrabrasilfertilizantes.com.br\/loja\/?post_type=product&#038;p=137"},"modified":"2026-03-16T21:47:58","modified_gmt":"2026-03-16T21:47:58","slug":"corrector","status":"publish","type":"product","link":"https:\/\/safrabrasilfertilizantes.com.br\/loja\/produto\/corrector\/","title":{"rendered":"Corrector"},"content":{"rendered":"<p data-start=\"154\" data-end=\"386\"><strong data-start=\"154\" data-end=\"167\">Corrector<\/strong>\u00a0\u00e9 um fertilizante fluido de alta concentra\u00e7\u00e3o, formulado especialmente para aplica\u00e7\u00e3o\u00a0<strong data-start=\"254\" data-end=\"266\">via solo<\/strong>, oferecendo uma solu\u00e7\u00e3o pr\u00e1tica e eficiente para\u00a0<strong data-start=\"316\" data-end=\"338\">corre\u00e7\u00e3o da acidez<\/strong>\u00a0em diversas culturas que necessitam de calagem.<\/p>\n<p data-start=\"388\" data-end=\"617\">Composto por\u00a0<strong data-start=\"401\" data-end=\"416\">C\u00e1lcio (Ca)<\/strong>\u00a0e\u00a0<strong data-start=\"419\" data-end=\"436\">Magn\u00e9sio (Mg)<\/strong>\u00a0em alta disponibilidade, o produto age rapidamente no ambiente radicular, proporcionando\u00a0<strong data-start=\"526\" data-end=\"563\">melhor equil\u00edbrio qu\u00edmico do solo<\/strong>\u00a0e favorecendo a absor\u00e7\u00e3o de nutrientes pelas plantas.<\/p>\n<h4 data-start=\"619\" data-end=\"650\"><strong data-start=\"624\" data-end=\"650\">Principais benef\u00edcios:<\/strong><\/h4>\n<ul data-start=\"651\" data-end=\"1105\">\n<li data-start=\"651\" data-end=\"727\">\n<p data-start=\"653\" data-end=\"727\"><strong data-start=\"653\" data-end=\"685\">Corre\u00e7\u00e3o eficiente da acidez<\/strong>, contribuindo para elevar o pH do solo.<\/p>\n<\/li>\n<li data-start=\"728\" data-end=\"820\">\n<p data-start=\"730\" data-end=\"820\"><strong data-start=\"730\" data-end=\"769\">Maior disponibilidade de nutrientes<\/strong>, garantindo melhor desenvolvimento das culturas.<\/p>\n<\/li>\n<li data-start=\"821\" data-end=\"904\">\n<p data-start=\"823\" data-end=\"904\"><strong data-start=\"823\" data-end=\"849\">Aplica\u00e7\u00e3o simplificada<\/strong>, gra\u00e7as \u00e0 sua formula\u00e7\u00e3o fluida e de f\u00e1cil manuseio.<\/p>\n<\/li>\n<li data-start=\"905\" data-end=\"1008\">\n<p data-start=\"907\" data-end=\"1008\"><strong data-start=\"907\" data-end=\"941\">Reposi\u00e7\u00e3o de C\u00e1lcio e Magn\u00e9sio<\/strong>, elementos fundamentais para o crescimento saud\u00e1vel das plantas.<\/p>\n<\/li>\n<li data-start=\"1009\" data-end=\"1105\">\n<p data-start=\"1011\" data-end=\"1105\"><strong data-start=\"1011\" data-end=\"1044\">Melhoria da estrutura do solo<\/strong>, favorecendo raizamento, vigor e resposta r\u00e1pida da lavoura.<\/p>\n<\/li>\n<\/ul>\n<h4 data-start=\"1107\" data-end=\"1130\"><strong data-start=\"1112\" data-end=\"1130\">Indicado para:<\/strong><\/h4>\n<ul data-start=\"1131\" data-end=\"1259\">\n<li data-start=\"1131\" data-end=\"1139\">\n<p data-start=\"1133\" data-end=\"1139\">Soja<\/p>\n<\/li>\n<li data-start=\"1140\" data-end=\"1149\">\n<p data-start=\"1142\" data-end=\"1149\">Milho<\/p>\n<\/li>\n<li data-start=\"1150\" data-end=\"1159\">\n<p data-start=\"1152\" data-end=\"1159\">Trigo<\/p>\n<\/li>\n<li data-start=\"1160\" data-end=\"1174\">\n<p data-start=\"1162\" data-end=\"1174\">Hortali\u00e7as<\/p>\n<\/li>\n<li data-start=\"1175\" data-end=\"1188\">\n<p data-start=\"1177\" data-end=\"1188\">Pastagens<\/p>\n<\/li>\n<li data-start=\"1189\" data-end=\"1203\">\n<p data-start=\"1191\" data-end=\"1203\">Frut\u00edferas<\/p>\n<\/li>\n<li data-start=\"1204\" data-end=\"1259\">\n<p data-start=\"1206\" data-end=\"1259\">Culturas de alto desempenho que exigem corre\u00e7\u00e3o de pH<\/p>\n<\/li>\n<\/ul>\n<p>&nbsp;<\/p>\n<table>\n<thead>\n<tr>\n<th><strong>Cultura<\/strong><\/th>\n<th><strong>Dosagem Recomendada<\/strong><\/th>\n<\/tr>\n<\/thead>\n<tbody>\n<tr>\n<td>Caf\u00e9<\/td>\n<td>1 L\/ha<\/td>\n<\/tr>\n<tr>\n<td>Citrus1<\/td>\n<td>\u00a01 L\/ha<\/td>\n<\/tr>\n<tr>\n<td>Frut\u00edferas<\/td>\n<td>1 L\/ha<\/td>\n<\/tr>\n<tr>\n<td>Oler\u00edcolas folhosas<\/td>\n<td>1 L\/ha<\/td>\n<\/tr>\n<tr>\n<td>Milho, Sorgo, Trigo, Arroz<\/td>\n<td>1 L\/ha<\/td>\n<\/tr>\n<tr>\n<td>Soja, Feij\u00e3o, Amendoim<\/td>\n<td>1 L\/ha<\/td>\n<\/tr>\n<\/tbody>\n<\/table>\n","protected":false},"excerpt":{"rendered":"<p class=\"elementor-heading-title elementor-size-default\">Corrector \u00e9 um fertilizante fluido de alta concentra\u00e7\u00e3o para uso via solo, com alto teor corretivo de acidez para diversas culturas que necessitam de calagem. O produto \u00e9 desenvolvido com C\u00e1lcio e Magn\u00e9sio, facilitando a aplica\u00e7\u00e3o e promovendo equil\u00edbrio no solo.<\/p>\n","protected":false},"featured_media":104,"comment_status":"open","ping_status":"closed","template":"","meta":[],"product_brand":[],"product_cat":[17],"product_tag":[],"class_list":{"0":"post-137","1":"product","2":"type-product","3":"status-publish","4":"has-post-thumbnail","6":"product_cat-liquidos","8":"first","9":"instock","10":"taxable","11":"shipping-taxable","12":"purchasable","13":"product-type-simple"},"_links":{"self":[{"href":"https:\/\/safrabrasilfertilizantes.com.br\/loja\/wp-json\/wp\/v2\/product\/137","targetHints":{"allow":["GET"]}}],"collection":[{"href":"https:\/\/safrabrasilfertilizantes.com.br\/loja\/wp-json\/wp\/v2\/product"}],"about":[{"href":"https:\/\/safrabrasilfertilizantes.com.br\/loja\/wp-json\/wp\/v2\/types\/product"}],"replies":[{"embeddable":true,"href":"https:\/\/safrabrasilfertilizantes.com.br\/loja\/wp-json\/wp\/v2\/comments?post=137"}],"wp:featuredmedia":[{"embeddable":true,"href":"https:\/\/safrabrasilfertilizantes.com.br\/loja\/wp-json\/wp\/v2\/media\/104"}],"wp:attachment":[{"href":"https:\/\/safrabrasilfertilizantes.com.br\/loja\/wp-json\/wp\/v2\/media?parent=137"}],"wp:term":[{"taxonomy":"product_brand","embeddable":true,"href":"https:\/\/safrabrasilfertilizantes.com.br\/loja\/wp-json\/wp\/v2\/product_brand?post=137"},{"taxonomy":"product_cat","embeddable":true,"href":"https:\/\/safrabrasilfertilizantes.com.br\/loja\/wp-json\/wp\/v2\/product_cat?post=137"},{"taxonomy":"product_tag","embeddable":true,"href":"https:\/\/safrabrasilfertilizantes.com.br\/loja\/wp-json\/wp\/v2\/product_tag?post=137"}],"curies":[{"name":"wp","href":"https:\/\/api.w.org\/{rel}","templated":true}]}}