{"id":138,"date":"2025-12-06T10:51:34","date_gmt":"2025-12-06T10:51:34","guid":{"rendered":"https:\/\/safrabrasilfertilizantes.com.br\/loja\/?post_type=product&#038;p=138"},"modified":"2026-02-17T18:19:06","modified_gmt":"2026-02-17T18:19:06","slug":"compost-turfa","status":"publish","type":"product","link":"https:\/\/safrabrasilfertilizantes.com.br\/loja\/produto\/compost-turfa\/","title":{"rendered":"Compost Turfa"},"content":{"rendered":"<h3 data-start=\"81\" data-end=\"152\"><strong data-start=\"85\" data-end=\"152\">Compost Turfa: Nutri\u00e7\u00e3o completa com alta efici\u00eancia agron\u00f4mica<\/strong><\/h3>\n<p data-start=\"154\" data-end=\"392\"><strong data-start=\"154\" data-end=\"171\">Compost Turfa<\/strong>\u00a0\u00e9 um fertilizante\u00a0<strong data-start=\"190\" data-end=\"210\">org\u00e2nico mineral<\/strong>\u00a0de alta performance, desenvolvido para uso\u00a0<strong data-start=\"254\" data-end=\"283\">via solo ou fertirriga\u00e7\u00e3o<\/strong>, oferecendo uma solu\u00e7\u00e3o completa para atender todas as necessidades nutricionais das mais diversas culturas.<\/p>\n<p data-start=\"394\" data-end=\"752\">Sua formula\u00e7\u00e3o \u00e9 enriquecida com\u00a0<strong data-start=\"427\" data-end=\"450\">subst\u00e2ncias h\u00famicas<\/strong>\u00a0e\u00a0<strong data-start=\"453\" data-end=\"468\">amino\u00e1cidos<\/strong>, elementos que potencializam a absor\u00e7\u00e3o de nutrientes e promovem maior vitalidade \u00e0s plantas. Esses componentes estimulam o\u00a0<strong data-start=\"593\" data-end=\"622\">desenvolvimento radicular<\/strong>, a\u00a0<strong data-start=\"626\" data-end=\"656\">ativa\u00e7\u00e3o biol\u00f3gica do solo<\/strong>\u00a0e a\u00a0<strong data-start=\"661\" data-end=\"699\">efici\u00eancia metab\u00f3lica das culturas<\/strong>, resultando em lavouras mais vigorosas e produtivas.<\/p>\n<h4 data-start=\"754\" data-end=\"785\"><strong data-start=\"759\" data-end=\"785\">Principais benef\u00edcios:<\/strong><\/h4>\n<ul data-start=\"786\" data-end=\"1434\">\n<li data-start=\"786\" data-end=\"856\">\n<p data-start=\"788\" data-end=\"856\"><strong data-start=\"788\" data-end=\"823\">Nutri\u00e7\u00e3o equilibrada e completa<\/strong>\u00a0para todas as fases da planta.<\/p>\n<\/li>\n<li data-start=\"857\" data-end=\"977\">\n<p data-start=\"859\" data-end=\"977\"><strong data-start=\"859\" data-end=\"891\">A\u00e7\u00e3o das subst\u00e2ncias h\u00famicas<\/strong>, que aumentam a capacidade de troca cati\u00f4nica (CTC) e melhoram a estrutura do solo.<\/p>\n<\/li>\n<li data-start=\"978\" data-end=\"1099\">\n<p data-start=\"980\" data-end=\"1099\"><strong data-start=\"980\" data-end=\"1033\">Amino\u00e1cidos que impulsionam o metabolismo vegetal<\/strong>, auxiliando na recupera\u00e7\u00e3o da planta e no crescimento uniforme.<\/p>\n<\/li>\n<li data-start=\"1100\" data-end=\"1215\">\n<p data-start=\"1102\" data-end=\"1215\"><strong data-start=\"1102\" data-end=\"1148\">Maior efici\u00eancia na absor\u00e7\u00e3o de nutrientes<\/strong>, reduzindo perdas e otimizando o aproveitamento do fertilizante.<\/p>\n<\/li>\n<li data-start=\"1216\" data-end=\"1327\">\n<p data-start=\"1218\" data-end=\"1327\"><strong data-start=\"1218\" data-end=\"1250\">Melhora do sistema radicular<\/strong>, proporcionando maior resist\u00eancia a estresses e melhor explora\u00e7\u00e3o do solo.<\/p>\n<\/li>\n<li data-start=\"1328\" data-end=\"1434\">\n<p data-start=\"1330\" data-end=\"1434\"><strong data-start=\"1330\" data-end=\"1360\">Versatilidade de aplica\u00e7\u00e3o<\/strong>, podendo ser utilizado tanto no solo quanto em sistemas de fertirriga\u00e7\u00e3o.<\/p>\n<\/li>\n<\/ul>\n<h4 data-start=\"1436\" data-end=\"1459\"><strong data-start=\"1441\" data-end=\"1459\">Indicado para:<\/strong><\/h4>\n<ul data-start=\"1460\" data-end=\"1596\">\n<li data-start=\"1460\" data-end=\"1469\">\n<p data-start=\"1462\" data-end=\"1469\">Gr\u00e3os<\/p>\n<\/li>\n<li data-start=\"1470\" data-end=\"1484\">\n<p data-start=\"1472\" data-end=\"1484\">Hortali\u00e7as<\/p>\n<\/li>\n<li data-start=\"1485\" data-end=\"1499\">\n<p data-start=\"1487\" data-end=\"1499\">Frut\u00edferas<\/p>\n<\/li>\n<li data-start=\"1500\" data-end=\"1513\">\n<p data-start=\"1502\" data-end=\"1513\">Pastagens<\/p>\n<\/li>\n<li data-start=\"1514\" data-end=\"1543\">\n<p data-start=\"1516\" data-end=\"1543\">Culturas perenes e anuais<\/p>\n<\/li>\n<li data-start=\"1544\" data-end=\"1596\">\n<p data-start=\"1546\" data-end=\"1596\">Produ\u00e7\u00f5es em alta intensidade e sistemas irrigados<\/p>\n<\/li>\n<\/ul>\n<table>\n<thead>\n<tr>\n<th><strong>Elemento \/ Componente<\/strong><\/th>\n<th><strong>Concentra\u00e7\u00e3o (%)<\/strong><\/th>\n<th><strong>Concentra\u00e7\u00e3o (g\/L)<\/strong><\/th>\n<\/tr>\n<\/thead>\n<tbody>\n<tr>\n<td>Nitrog\u00eanio (N)<\/td>\n<td>20,0%<\/td>\n<td>220,0 g\/L<\/td>\n<\/tr>\n<tr>\n<td>F\u00f3sforo (P\u2082O\u2085)<\/td>\n<td>5,0%<\/td>\n<td>55,0 g\/L<\/td>\n<\/tr>\n<tr>\n<td>Carbono Org\u00e2nico Total (COT)<\/td>\n<td>20,0%<\/td>\n<td>220,0 g\/L<\/td>\n<\/tr>\n<\/tbody>\n<\/table>\n","protected":false},"excerpt":{"rendered":"<p class=\"elementor-heading-title elementor-size-default\">Compost Turfa \u00e9 um fertilizante org\u00e2nico mineral para uso via solo ou fertirriga\u00e7\u00e3o, desenvolvido para atender todas as necessidades nutricionais das culturas. O produto \u00e9 enriquecido com subst\u00e2ncias h\u00famicas e amino\u00e1cidos, conferindo alta performance agron\u00f4mica e melhor absor\u00e7\u00e3o de nutrientes.<\/p>\n","protected":false},"featured_media":102,"comment_status":"open","ping_status":"closed","template":"","meta":[],"product_brand":[],"product_cat":[17],"product_tag":[],"class_list":{"0":"post-138","1":"product","2":"type-product","3":"status-publish","4":"has-post-thumbnail","6":"product_cat-liquidos","8":"first","9":"instock","10":"taxable","11":"shipping-taxable","12":"purchasable","13":"product-type-simple"},"_links":{"self":[{"href":"https:\/\/safrabrasilfertilizantes.com.br\/loja\/wp-json\/wp\/v2\/product\/138","targetHints":{"allow":["GET"]}}],"collection":[{"href":"https:\/\/safrabrasilfertilizantes.com.br\/loja\/wp-json\/wp\/v2\/product"}],"about":[{"href":"https:\/\/safrabrasilfertilizantes.com.br\/loja\/wp-json\/wp\/v2\/types\/product"}],"replies":[{"embeddable":true,"href":"https:\/\/safrabrasilfertilizantes.com.br\/loja\/wp-json\/wp\/v2\/comments?post=138"}],"wp:featuredmedia":[{"embeddable":true,"href":"https:\/\/safrabrasilfertilizantes.com.br\/loja\/wp-json\/wp\/v2\/media\/102"}],"wp:attachment":[{"href":"https:\/\/safrabrasilfertilizantes.com.br\/loja\/wp-json\/wp\/v2\/media?parent=138"}],"wp:term":[{"taxonomy":"product_brand","embeddable":true,"href":"https:\/\/safrabrasilfertilizantes.com.br\/loja\/wp-json\/wp\/v2\/product_brand?post=138"},{"taxonomy":"product_cat","embeddable":true,"href":"https:\/\/safrabrasilfertilizantes.com.br\/loja\/wp-json\/wp\/v2\/product_cat?post=138"},{"taxonomy":"product_tag","embeddable":true,"href":"https:\/\/safrabrasilfertilizantes.com.br\/loja\/wp-json\/wp\/v2\/product_tag?post=138"}],"curies":[{"name":"wp","href":"https:\/\/api.w.org\/{rel}","templated":true}]}}