{"id":139,"date":"2025-12-06T10:53:27","date_gmt":"2025-12-06T10:53:27","guid":{"rendered":"https:\/\/safrabrasilfertilizantes.com.br\/loja\/?post_type=product&#038;p=139"},"modified":"2026-02-17T18:19:01","modified_gmt":"2026-02-17T18:19:01","slug":"bloom-cab","status":"publish","type":"product","link":"https:\/\/safrabrasilfertilizantes.com.br\/loja\/produto\/bloom-cab\/","title":{"rendered":"Bloom Cab"},"content":{"rendered":"<h2 data-start=\"1013\" data-end=\"1048\"><strong data-start=\"1016\" data-end=\"1048\">Composi\u00e7\u00e3o e Caracter\u00edsticas<\/strong><\/h2>\n<ul data-start=\"1050\" data-end=\"1231\">\n<li data-start=\"1050\" data-end=\"1130\">\n<p data-start=\"1052\" data-end=\"1130\"><strong data-start=\"1052\" data-end=\"1072\">Mat\u00e9rias-primas:<\/strong>\u00a0\u00c1cido B\u00f3rico, \u00c1cido H\u00famico, \u00c1cido F\u00falvico e Amino\u00e1cidos<\/p>\n<\/li>\n<li data-start=\"1131\" data-end=\"1184\">\n<p data-start=\"1133\" data-end=\"1184\"><strong data-start=\"1133\" data-end=\"1153\">Natureza f\u00edsica:<\/strong>\u00a0Flu\u00eddo em solu\u00e7\u00e3o verdadeira<\/p>\n<\/li>\n<li data-start=\"1185\" data-end=\"1231\">\n<p data-start=\"1187\" data-end=\"1231\"><strong data-start=\"1187\" data-end=\"1211\">Registro do produto:<\/strong>\u00a0SP002573-9.000002<\/p>\n<\/li>\n<\/ul>\n<h3 data-start=\"1233\" data-end=\"1250\"><strong data-start=\"1237\" data-end=\"1250\">Garantias<\/strong><\/h3>\n<ul data-start=\"1251\" data-end=\"1339\">\n<li data-start=\"1251\" data-end=\"1280\">\n<p data-start=\"1253\" data-end=\"1280\"><strong data-start=\"1253\" data-end=\"1260\">Ca:<\/strong>\u00a010,0% (120,0 g\/L)<\/p>\n<\/li>\n<li data-start=\"1281\" data-end=\"1307\">\n<p data-start=\"1283\" data-end=\"1307\"><strong data-start=\"1283\" data-end=\"1289\">B:<\/strong>\u00a02,0% (24,0 g\/L)<\/p>\n<\/li>\n<li data-start=\"1308\" data-end=\"1339\">\n<p data-start=\"1310\" data-end=\"1339\"><strong data-start=\"1310\" data-end=\"1323\">Aditivos:<\/strong>\u00a06,0% (72,0 g\/L)<\/p>\n<\/li>\n<\/ul>\n<hr data-start=\"1341\" data-end=\"1344\" \/>\n<h2 data-start=\"1346\" data-end=\"1373\"><strong data-start=\"1349\" data-end=\"1373\">Recomenda\u00e7\u00f5es de Uso<\/strong><\/h2>\n<p data-start=\"1375\" data-end=\"1543\">Bloom CaB deve ser aplicado por\u00a0<strong data-start=\"1407\" data-end=\"1430\">pulveriza\u00e7\u00e3o foliar<\/strong>.<br data-start=\"1431\" data-end=\"1434\" \/>O volume de \u00e1gua varia conforme o\u00a0<strong data-start=\"1468\" data-end=\"1509\">est\u00e1gio de desenvolvimento da cultura<\/strong>\u00a0e os\u00a0<strong data-start=\"1515\" data-end=\"1542\">equipamentos utilizados<\/strong>.<\/p>\n<ul data-start=\"1545\" data-end=\"1751\">\n<li data-start=\"1545\" data-end=\"1608\">\n<p data-start=\"1547\" data-end=\"1608\">Aplicar preferencialmente nos hor\u00e1rios mais frescos do dia.<\/p>\n<\/li>\n<li data-start=\"1609\" data-end=\"1671\">\n<p data-start=\"1611\" data-end=\"1671\">N\u00e3o h\u00e1 per\u00edodo de car\u00eancia entre a aplica\u00e7\u00e3o e a colheita.<\/p>\n<\/li>\n<li data-start=\"1672\" data-end=\"1751\">\n<p data-start=\"1674\" data-end=\"1751\">As doses podem ser ajustadas de acordo com orienta\u00e7\u00e3o do t\u00e9cnico respons\u00e1vel.<\/p>\n<\/li>\n<\/ul>\n<table class=\"w-fit min-w-(--thread-content-width)\" data-start=\"281\" data-end=\"928\">\n<thead data-start=\"281\" data-end=\"334\">\n<tr data-start=\"281\" data-end=\"334\">\n<th data-start=\"281\" data-end=\"310\" data-col-size=\"sm\"><strong data-start=\"283\" data-end=\"294\">Cultura<\/strong><\/th>\n<th data-start=\"310\" data-end=\"334\" data-col-size=\"sm\"><strong data-start=\"312\" data-end=\"332\">Dose Recomendada<\/strong><\/th>\n<\/tr>\n<\/thead>\n<tbody data-start=\"389\" data-end=\"928\">\n<tr data-start=\"389\" data-end=\"442\">\n<td data-start=\"389\" data-end=\"417\" data-col-size=\"sm\">Algodoeiro<\/td>\n<td data-col-size=\"sm\" data-start=\"417\" data-end=\"442\">1 L\/ha<\/td>\n<\/tr>\n<tr data-start=\"443\" data-end=\"496\">\n<td data-start=\"443\" data-end=\"471\" data-col-size=\"sm\">Batata<\/td>\n<td data-col-size=\"sm\" data-start=\"471\" data-end=\"496\">1 L\/ha<\/td>\n<\/tr>\n<tr data-start=\"497\" data-end=\"550\">\n<td data-start=\"497\" data-end=\"525\" data-col-size=\"sm\">Alho e Cebola<\/td>\n<td data-col-size=\"sm\" data-start=\"525\" data-end=\"550\">1 L\/ha<\/td>\n<\/tr>\n<tr data-start=\"551\" data-end=\"604\">\n<td data-start=\"551\" data-end=\"579\" data-col-size=\"sm\">Arroz, Milho<\/td>\n<td data-col-size=\"sm\" data-start=\"579\" data-end=\"604\">1 L\/ha<\/td>\n<\/tr>\n<tr data-start=\"605\" data-end=\"658\">\n<td data-start=\"605\" data-end=\"633\" data-col-size=\"sm\">Caf\u00e9<\/td>\n<td data-col-size=\"sm\" data-start=\"633\" data-end=\"658\">1 L\/ha<\/td>\n<\/tr>\n<tr data-start=\"659\" data-end=\"712\">\n<td data-start=\"659\" data-end=\"687\" data-col-size=\"sm\">Citrus<\/td>\n<td data-col-size=\"sm\" data-start=\"687\" data-end=\"712\">1 L\/ha<\/td>\n<\/tr>\n<tr data-start=\"713\" data-end=\"766\">\n<td data-start=\"713\" data-end=\"741\" data-col-size=\"sm\">Hortali\u00e7as<\/td>\n<td data-col-size=\"sm\" data-start=\"741\" data-end=\"766\">1 L\/ha<\/td>\n<\/tr>\n<tr data-start=\"767\" data-end=\"820\">\n<td data-start=\"767\" data-end=\"795\" data-col-size=\"sm\">Frut\u00edferas<\/td>\n<td data-col-size=\"sm\" data-start=\"795\" data-end=\"820\">1 L\/ha<\/td>\n<\/tr>\n<tr data-start=\"821\" data-end=\"874\">\n<td data-start=\"821\" data-end=\"849\" data-col-size=\"sm\">Leguminosas<\/td>\n<td data-col-size=\"sm\" data-start=\"849\" data-end=\"874\">1 L\/ha<\/td>\n<\/tr>\n<tr data-start=\"875\" data-end=\"928\">\n<td data-start=\"875\" data-end=\"903\" data-col-size=\"sm\">Hortali\u00e7as com frutos<\/td>\n<td data-col-size=\"sm\" data-start=\"903\" data-end=\"928\">1 L\/ha<\/td>\n<\/tr>\n<\/tbody>\n<\/table>\n","protected":false},"excerpt":{"rendered":"<p class=\"elementor-heading-title elementor-size-default\">Bloom CaB \u00e9 recomendado para o fornecimento de C\u00e1lcio e Boro \u00e0s plantas.<\/p>\n","protected":false},"featured_media":112,"comment_status":"open","ping_status":"closed","template":"","meta":[],"product_brand":[],"product_cat":[17],"product_tag":[],"class_list":{"0":"post-139","1":"product","2":"type-product","3":"status-publish","4":"has-post-thumbnail","6":"product_cat-liquidos","8":"first","9":"instock","10":"taxable","11":"shipping-taxable","12":"purchasable","13":"product-type-simple"},"_links":{"self":[{"href":"https:\/\/safrabrasilfertilizantes.com.br\/loja\/wp-json\/wp\/v2\/product\/139","targetHints":{"allow":["GET"]}}],"collection":[{"href":"https:\/\/safrabrasilfertilizantes.com.br\/loja\/wp-json\/wp\/v2\/product"}],"about":[{"href":"https:\/\/safrabrasilfertilizantes.com.br\/loja\/wp-json\/wp\/v2\/types\/product"}],"replies":[{"embeddable":true,"href":"https:\/\/safrabrasilfertilizantes.com.br\/loja\/wp-json\/wp\/v2\/comments?post=139"}],"wp:featuredmedia":[{"embeddable":true,"href":"https:\/\/safrabrasilfertilizantes.com.br\/loja\/wp-json\/wp\/v2\/media\/112"}],"wp:attachment":[{"href":"https:\/\/safrabrasilfertilizantes.com.br\/loja\/wp-json\/wp\/v2\/media?parent=139"}],"wp:term":[{"taxonomy":"product_brand","embeddable":true,"href":"https:\/\/safrabrasilfertilizantes.com.br\/loja\/wp-json\/wp\/v2\/product_brand?post=139"},{"taxonomy":"product_cat","embeddable":true,"href":"https:\/\/safrabrasilfertilizantes.com.br\/loja\/wp-json\/wp\/v2\/product_cat?post=139"},{"taxonomy":"product_tag","embeddable":true,"href":"https:\/\/safrabrasilfertilizantes.com.br\/loja\/wp-json\/wp\/v2\/product_tag?post=139"}],"curies":[{"name":"wp","href":"https:\/\/api.w.org\/{rel}","templated":true}]}}