{"id":140,"date":"2025-12-06T10:55:31","date_gmt":"2025-12-06T10:55:31","guid":{"rendered":"https:\/\/safrabrasilfertilizantes.com.br\/loja\/?post_type=product&#038;p=140"},"modified":"2026-02-17T18:18:56","modified_gmt":"2026-02-17T18:18:56","slug":"cana-force","status":"publish","type":"product","link":"https:\/\/safrabrasilfertilizantes.com.br\/loja\/produto\/cana-force\/","title":{"rendered":"CANA FORCE"},"content":{"rendered":"<p data-start=\"154\" data-end=\"386\"><strong data-start=\"194\" data-end=\"286\">Desenvolvido para suprir as necessidades de micronutrientes na cultura da cana-de-a\u00e7\u00facar<\/strong>, proporcionando melhor crescimento vegetativo, equil\u00edbrio nutricional e maior produtividade.<br data-start=\"379\" data-end=\"382\" \/>Sol\u00favel em \u00e1gua e de r\u00e1pida absor\u00e7\u00e3o pelo solo e pelos tecidos vegetais, seu uso auxilia na ativa\u00e7\u00e3o de processos fisiol\u00f3gicos, melhora o vigor das plantas e ajuda a reduzir efeitos de estresse.<\/p>\n<h3 data-start=\"612\" data-end=\"639\"><strong data-start=\"616\" data-end=\"639\">Culturas e Dosagens<\/strong><\/h3>\n<div class=\"_tableContainer_1rjym_1\">\n<div class=\"group _tableWrapper_1rjym_13 flex w-fit flex-col-reverse\" tabindex=\"-1\">\n<table class=\"w-fit min-w-(--thread-content-width)\" data-start=\"641\" data-end=\"927\">\n<thead data-start=\"641\" data-end=\"687\">\n<tr data-start=\"641\" data-end=\"687\">\n<th data-start=\"641\" data-end=\"663\" data-col-size=\"sm\"><strong data-start=\"643\" data-end=\"654\">Cultura<\/strong><\/th>\n<th data-start=\"663\" data-end=\"687\" data-col-size=\"sm\"><strong data-start=\"665\" data-end=\"685\">Dose Recomendada<\/strong><\/th>\n<\/tr>\n<\/thead>\n<tbody data-start=\"736\" data-end=\"927\">\n<tr data-start=\"736\" data-end=\"783\">\n<td data-start=\"736\" data-end=\"758\" data-col-size=\"sm\">Cana-de-a\u00e7\u00facar<\/td>\n<td data-start=\"758\" data-end=\"783\" data-col-size=\"sm\">1 L\/ha<\/td>\n<\/tr>\n<tr data-start=\"784\" data-end=\"831\">\n<td data-start=\"784\" data-end=\"806\" data-col-size=\"sm\">Milho<\/td>\n<td data-start=\"806\" data-end=\"831\" data-col-size=\"sm\">1 L\/ha<\/td>\n<\/tr>\n<tr data-start=\"832\" data-end=\"879\">\n<td data-start=\"832\" data-end=\"854\" data-col-size=\"sm\">Pastagens<\/td>\n<td data-start=\"854\" data-end=\"879\" data-col-size=\"sm\">1 L\/ha<\/td>\n<\/tr>\n<tr data-start=\"880\" data-end=\"927\">\n<td data-start=\"880\" data-end=\"902\" data-col-size=\"sm\">Outras gram\u00edneas<\/td>\n<td data-start=\"902\" data-end=\"927\" data-col-size=\"sm\">1 L\/ha<\/td>\n<\/tr>\n<\/tbody>\n<\/table>\n<\/div>\n<\/div>\n","protected":false},"excerpt":{"rendered":"<p class=\"elementor-heading-title elementor-size-default\">Desenvolvido para suprir as necessidades de micronutrientes na cultura da cana-de-a\u00e7\u00facar, proporcionando melhor crescimento vegetativo, equil\u00edbrio nutricional e maior produtividade. Sol\u00favel em \u00e1gua e de r\u00e1pida absor\u00e7\u00e3o pelo solo e pelos tecidos vegetais, seu uso auxilia na ativa\u00e7\u00e3o de processos fisiol\u00f3gicos, melhora o vigor das plantas e ajuda a reduzir efeitos de estresse.<\/p>\n","protected":false},"featured_media":113,"comment_status":"open","ping_status":"closed","template":"","meta":[],"product_brand":[],"product_cat":[17],"product_tag":[],"class_list":{"0":"post-140","1":"product","2":"type-product","3":"status-publish","4":"has-post-thumbnail","6":"product_cat-liquidos","8":"first","9":"instock","10":"taxable","11":"shipping-taxable","12":"purchasable","13":"product-type-simple"},"_links":{"self":[{"href":"https:\/\/safrabrasilfertilizantes.com.br\/loja\/wp-json\/wp\/v2\/product\/140","targetHints":{"allow":["GET"]}}],"collection":[{"href":"https:\/\/safrabrasilfertilizantes.com.br\/loja\/wp-json\/wp\/v2\/product"}],"about":[{"href":"https:\/\/safrabrasilfertilizantes.com.br\/loja\/wp-json\/wp\/v2\/types\/product"}],"replies":[{"embeddable":true,"href":"https:\/\/safrabrasilfertilizantes.com.br\/loja\/wp-json\/wp\/v2\/comments?post=140"}],"wp:featuredmedia":[{"embeddable":true,"href":"https:\/\/safrabrasilfertilizantes.com.br\/loja\/wp-json\/wp\/v2\/media\/113"}],"wp:attachment":[{"href":"https:\/\/safrabrasilfertilizantes.com.br\/loja\/wp-json\/wp\/v2\/media?parent=140"}],"wp:term":[{"taxonomy":"product_brand","embeddable":true,"href":"https:\/\/safrabrasilfertilizantes.com.br\/loja\/wp-json\/wp\/v2\/product_brand?post=140"},{"taxonomy":"product_cat","embeddable":true,"href":"https:\/\/safrabrasilfertilizantes.com.br\/loja\/wp-json\/wp\/v2\/product_cat?post=140"},{"taxonomy":"product_tag","embeddable":true,"href":"https:\/\/safrabrasilfertilizantes.com.br\/loja\/wp-json\/wp\/v2\/product_tag?post=140"}],"curies":[{"name":"wp","href":"https:\/\/api.w.org\/{rel}","templated":true}]}}