{"id":141,"date":"2025-12-06T10:56:47","date_gmt":"2025-12-06T10:56:47","guid":{"rendered":"https:\/\/safrabrasilfertilizantes.com.br\/loja\/?post_type=product&#038;p=141"},"modified":"2026-02-17T18:18:51","modified_gmt":"2026-02-17T18:18:51","slug":"fortify-20-20-20","status":"publish","type":"product","link":"https:\/\/safrabrasilfertilizantes.com.br\/loja\/produto\/fortify-20-20-20\/","title":{"rendered":"FORTIFY 20 20 20"},"content":{"rendered":"<p data-start=\"149\" data-end=\"346\"><strong data-start=\"194\" data-end=\"315\">Desenvolvido para suprir as necessidades complementares de Nitrog\u00eanio, F\u00f3sforo e Pot\u00e1ssio em qualquer fase da cultura<\/strong>, favorecendo o desenvolvimento vegetativo, o equil\u00edbrio nutricional e maior desempenho produtivo.<br data-start=\"413\" data-end=\"416\" \/>Produto totalmente sol\u00favel em \u00e1gua e de r\u00e1pida absor\u00e7\u00e3o pelo solo e tecidos vegetais.<\/p>\n<table class=\"w-fit min-w-(--thread-content-width)\" data-start=\"548\" data-end=\"1179\">\n<thead data-start=\"548\" data-end=\"611\">\n<tr data-start=\"548\" data-end=\"611\">\n<th data-start=\"548\" data-end=\"587\" data-col-size=\"sm\"><strong data-start=\"550\" data-end=\"561\">Cultura<\/strong><\/th>\n<th data-start=\"587\" data-end=\"611\" data-col-size=\"sm\"><strong data-start=\"589\" data-end=\"609\">Dose Recomendada<\/strong><\/th>\n<\/tr>\n<\/thead>\n<tbody data-start=\"676\" data-end=\"1179\">\n<tr data-start=\"676\" data-end=\"738\">\n<td data-start=\"676\" data-end=\"713\" data-col-size=\"sm\">Batata, Cenoura, Mandioca<\/td>\n<td data-col-size=\"sm\" data-start=\"713\" data-end=\"738\">1L\/ha<\/td>\n<\/tr>\n<tr data-start=\"739\" data-end=\"801\">\n<td data-start=\"739\" data-end=\"776\" data-col-size=\"sm\">Laranja, Lim\u00e3o, Tangerina<\/td>\n<td data-col-size=\"sm\" data-start=\"776\" data-end=\"801\">1 L\/ha<\/td>\n<\/tr>\n<tr data-start=\"802\" data-end=\"864\">\n<td data-start=\"802\" data-end=\"839\" data-col-size=\"sm\">Goiaba, Manga, Mam\u00e3o<\/td>\n<td data-col-size=\"sm\" data-start=\"839\" data-end=\"864\">1 L\/ha<\/td>\n<\/tr>\n<tr data-start=\"865\" data-end=\"927\">\n<td data-start=\"865\" data-end=\"902\" data-col-size=\"sm\">Soja, Feij\u00e3o, Amendoim<\/td>\n<td data-col-size=\"sm\" data-start=\"902\" data-end=\"927\">1 L\/ha<\/td>\n<\/tr>\n<tr data-start=\"928\" data-end=\"990\">\n<td data-start=\"928\" data-end=\"965\" data-col-size=\"sm\">Milho, Trigo, Pastagens<\/td>\n<td data-col-size=\"sm\" data-start=\"965\" data-end=\"990\">1 L\/ha<\/td>\n<\/tr>\n<tr data-start=\"991\" data-end=\"1053\">\n<td data-start=\"991\" data-end=\"1028\" data-col-size=\"sm\">Hortali\u00e7as<\/td>\n<td data-col-size=\"sm\" data-start=\"1028\" data-end=\"1053\">1 L\/ha<\/td>\n<\/tr>\n<tr data-start=\"1054\" data-end=\"1116\">\n<td data-start=\"1054\" data-end=\"1091\" data-col-size=\"sm\">Caf\u00e9<\/td>\n<td data-col-size=\"sm\" data-start=\"1091\" data-end=\"1116\">1 L\/ha<\/td>\n<\/tr>\n<tr data-start=\"1117\" data-end=\"1179\">\n<td data-start=\"1117\" data-end=\"1154\" data-col-size=\"sm\">Cana-de-a\u00e7\u00facar<\/td>\n<td data-col-size=\"sm\" data-start=\"1154\" data-end=\"1179\">1 L\/ha<\/td>\n<\/tr>\n<\/tbody>\n<\/table>\n","protected":false},"excerpt":{"rendered":"<p class=\"elementor-heading-title elementor-size-default\">Desenvolvido para suprir as necessidades complementares de Nitrog\u00eanio, F\u00f3sforo e Pot\u00e1ssio em qualquer fase da cultura, favorecendo o desenvolvimento vegetativo, o equil\u00edbrio nutricional e maior desempenho produtivo. Produto totalmente sol\u00favel em \u00e1gua e de r\u00e1pida absor\u00e7\u00e3o pelo solo e tecidos vegetais.<\/p>\n","protected":false},"featured_media":116,"comment_status":"open","ping_status":"closed","template":"","meta":[],"product_brand":[],"product_cat":[17],"product_tag":[],"class_list":{"0":"post-141","1":"product","2":"type-product","3":"status-publish","4":"has-post-thumbnail","6":"product_cat-liquidos","8":"first","9":"instock","10":"taxable","11":"shipping-taxable","12":"purchasable","13":"product-type-simple"},"_links":{"self":[{"href":"https:\/\/safrabrasilfertilizantes.com.br\/loja\/wp-json\/wp\/v2\/product\/141","targetHints":{"allow":["GET"]}}],"collection":[{"href":"https:\/\/safrabrasilfertilizantes.com.br\/loja\/wp-json\/wp\/v2\/product"}],"about":[{"href":"https:\/\/safrabrasilfertilizantes.com.br\/loja\/wp-json\/wp\/v2\/types\/product"}],"replies":[{"embeddable":true,"href":"https:\/\/safrabrasilfertilizantes.com.br\/loja\/wp-json\/wp\/v2\/comments?post=141"}],"wp:featuredmedia":[{"embeddable":true,"href":"https:\/\/safrabrasilfertilizantes.com.br\/loja\/wp-json\/wp\/v2\/media\/116"}],"wp:attachment":[{"href":"https:\/\/safrabrasilfertilizantes.com.br\/loja\/wp-json\/wp\/v2\/media?parent=141"}],"wp:term":[{"taxonomy":"product_brand","embeddable":true,"href":"https:\/\/safrabrasilfertilizantes.com.br\/loja\/wp-json\/wp\/v2\/product_brand?post=141"},{"taxonomy":"product_cat","embeddable":true,"href":"https:\/\/safrabrasilfertilizantes.com.br\/loja\/wp-json\/wp\/v2\/product_cat?post=141"},{"taxonomy":"product_tag","embeddable":true,"href":"https:\/\/safrabrasilfertilizantes.com.br\/loja\/wp-json\/wp\/v2\/product_tag?post=141"}],"curies":[{"name":"wp","href":"https:\/\/api.w.org\/{rel}","templated":true}]}}