{"id":142,"date":"2025-12-06T10:58:03","date_gmt":"2025-12-06T10:58:03","guid":{"rendered":"https:\/\/safrabrasilfertilizantes.com.br\/loja\/?post_type=product&#038;p=142"},"modified":"2026-02-17T18:18:45","modified_gmt":"2026-02-17T18:18:45","slug":"maluli-cafe","status":"publish","type":"product","link":"https:\/\/safrabrasilfertilizantes.com.br\/loja\/produto\/maluli-cafe\/","title":{"rendered":"MALULI CAF\u00c9"},"content":{"rendered":"<div class=\"elementor-element elementor-element-065036a elementor-widget elementor-widget-text-editor\" data-id=\"065036a\" data-element_type=\"widget\" data-widget_type=\"text-editor.default\">\n<div class=\"elementor-widget-container\">\n<p data-start=\"219\" data-end=\"573\"><strong data-start=\"219\" data-end=\"314\">Desenvolvido para suprir as necessidades nutricionais de micronutrientes na cultura do caf\u00e9<\/strong>, promovendo maior vigor vegetativo, equil\u00edbrio nutricional e melhor desempenho produtivo.<br data-start=\"404\" data-end=\"407\" \/>Sol\u00favel em \u00e1gua e de r\u00e1pida absor\u00e7\u00e3o pelo solo e pelos tecidos vegetais, auxilia na ativa\u00e7\u00e3o dos processos fisiol\u00f3gicos e contribui para reduzir o estresse da planta.<\/p>\n<\/div>\n<\/div>\n<div class=\"elementor-element elementor-element-81cc56b elementor-widget elementor-widget-text-editor\" data-id=\"81cc56b\" data-element_type=\"widget\" data-widget_type=\"text-editor.default\">\n<div class=\"elementor-widget-container\">\n<p data-start=\"1448\" data-end=\"1497\"><strong data-start=\"1448\" data-end=\"1473\">GARANTIAS (p\/v (g\/L))<\/strong><\/p>\n<\/div>\n<\/div>\n<div class=\"elementor-element elementor-element-8508b27 elementor-widget elementor-widget-text-editor\" data-id=\"8508b27\" data-element_type=\"widget\" data-widget_type=\"text-editor.default\">\n<div class=\"elementor-widget-container\">\n<table class=\"w-fit min-w-(--thread-content-width)\" data-start=\"1199\" data-end=\"1610\">\n<thead data-start=\"1199\" data-end=\"1231\">\n<tr data-start=\"1199\" data-end=\"1231\">\n<th data-start=\"1199\" data-end=\"1211\" data-col-size=\"sm\">Nutriente<\/th>\n<th data-start=\"1211\" data-end=\"1222\" data-col-size=\"sm\">Garantia<\/th>\n<th data-start=\"1222\" data-end=\"1231\" data-col-size=\"sm\">(g\/L)<\/th>\n<\/tr>\n<\/thead>\n<tbody data-start=\"1264\" data-end=\"1610\">\n<tr data-start=\"1264\" data-end=\"1298\">\n<td data-start=\"1264\" data-end=\"1275\" data-col-size=\"sm\">Ca<\/td>\n<td data-col-size=\"sm\" data-start=\"1275\" data-end=\"1286\">3,0%<\/td>\n<td data-col-size=\"sm\" data-start=\"1286\" data-end=\"1298\">39,0 g\/L<\/td>\n<\/tr>\n<tr data-start=\"1299\" data-end=\"1332\">\n<td data-start=\"1299\" data-end=\"1310\" data-col-size=\"sm\">Cu<\/td>\n<td data-col-size=\"sm\" data-start=\"1310\" data-end=\"1321\">0,5%<\/td>\n<td data-col-size=\"sm\" data-start=\"1321\" data-end=\"1332\">6,5 g\/L<\/td>\n<\/tr>\n<tr data-start=\"1333\" data-end=\"1368\">\n<td data-start=\"1333\" data-end=\"1344\" data-col-size=\"sm\">N<\/td>\n<td data-col-size=\"sm\" data-start=\"1344\" data-end=\"1355\">10,0%<\/td>\n<td data-col-size=\"sm\" data-start=\"1355\" data-end=\"1368\">130,0 g\/L<\/td>\n<\/tr>\n<tr data-start=\"1369\" data-end=\"1403\">\n<td data-start=\"1369\" data-end=\"1380\" data-col-size=\"sm\">Zn<\/td>\n<td data-col-size=\"sm\" data-start=\"1380\" data-end=\"1391\">6,0%<\/td>\n<td data-col-size=\"sm\" data-start=\"1391\" data-end=\"1403\">78,0 g\/L<\/td>\n<\/tr>\n<tr data-start=\"1404\" data-end=\"1437\">\n<td data-start=\"1404\" data-end=\"1415\" data-col-size=\"sm\">Mo<\/td>\n<td data-col-size=\"sm\" data-start=\"1415\" data-end=\"1426\">0,1%<\/td>\n<td data-col-size=\"sm\" data-start=\"1426\" data-end=\"1437\">1,3 g\/L<\/td>\n<\/tr>\n<tr data-start=\"1438\" data-end=\"1471\">\n<td data-start=\"1438\" data-end=\"1449\" data-col-size=\"sm\">Fe<\/td>\n<td data-col-size=\"sm\" data-start=\"1449\" data-end=\"1460\">0,5%<\/td>\n<td data-col-size=\"sm\" data-start=\"1460\" data-end=\"1471\">6,5 g\/L<\/td>\n<\/tr>\n<tr data-start=\"1472\" data-end=\"1505\">\n<td data-start=\"1472\" data-end=\"1483\" data-col-size=\"sm\">B<\/td>\n<td data-col-size=\"sm\" data-start=\"1483\" data-end=\"1494\">0,5%<\/td>\n<td data-col-size=\"sm\" data-start=\"1494\" data-end=\"1505\">6,5 g\/L<\/td>\n<\/tr>\n<tr data-start=\"1506\" data-end=\"1540\">\n<td data-start=\"1506\" data-end=\"1517\" data-col-size=\"sm\">Mg<\/td>\n<td data-col-size=\"sm\" data-start=\"1517\" data-end=\"1528\">1,5%<\/td>\n<td data-col-size=\"sm\" data-start=\"1528\" data-end=\"1540\">19,5 g\/L<\/td>\n<\/tr>\n<tr data-start=\"1541\" data-end=\"1575\">\n<td data-start=\"1541\" data-end=\"1552\" data-col-size=\"sm\">Mn<\/td>\n<td data-col-size=\"sm\" data-start=\"1552\" data-end=\"1563\">3,0%<\/td>\n<td data-col-size=\"sm\" data-start=\"1563\" data-end=\"1575\">39,0 g\/L<\/td>\n<\/tr>\n<tr data-start=\"1576\" data-end=\"1610\">\n<td data-start=\"1576\" data-end=\"1587\" data-col-size=\"sm\">COT<\/td>\n<td data-col-size=\"sm\" data-start=\"1587\" data-end=\"1598\">3,0%<\/td>\n<td data-col-size=\"sm\" data-start=\"1598\" data-end=\"1610\">39,0 g\/L<\/td>\n<\/tr>\n<\/tbody>\n<\/table>\n<\/div>\n<\/div>\n","protected":false},"excerpt":{"rendered":"<p class=\"elementor-heading-title elementor-size-default\">Desenvolvido para suprir as necessidades nutricionais de micronutrientes na cultura do caf\u00e9, promovendo maior vigor vegetativo, equil\u00edbrio nutricional e melhor desempenho produtivo. Sol\u00favel em \u00e1gua e de r\u00e1pida absor\u00e7\u00e3o pelo solo e pelos tecidos vegetais, auxilia na ativa\u00e7\u00e3o dos processos fisiol\u00f3gicos e contribui para reduzir o estresse da planta.<\/p>\n","protected":false},"featured_media":117,"comment_status":"open","ping_status":"closed","template":"","meta":[],"product_brand":[],"product_cat":[17],"product_tag":[],"class_list":{"0":"post-142","1":"product","2":"type-product","3":"status-publish","4":"has-post-thumbnail","6":"product_cat-liquidos","8":"first","9":"instock","10":"taxable","11":"shipping-taxable","12":"purchasable","13":"product-type-simple"},"_links":{"self":[{"href":"https:\/\/safrabrasilfertilizantes.com.br\/loja\/wp-json\/wp\/v2\/product\/142","targetHints":{"allow":["GET"]}}],"collection":[{"href":"https:\/\/safrabrasilfertilizantes.com.br\/loja\/wp-json\/wp\/v2\/product"}],"about":[{"href":"https:\/\/safrabrasilfertilizantes.com.br\/loja\/wp-json\/wp\/v2\/types\/product"}],"replies":[{"embeddable":true,"href":"https:\/\/safrabrasilfertilizantes.com.br\/loja\/wp-json\/wp\/v2\/comments?post=142"}],"wp:featuredmedia":[{"embeddable":true,"href":"https:\/\/safrabrasilfertilizantes.com.br\/loja\/wp-json\/wp\/v2\/media\/117"}],"wp:attachment":[{"href":"https:\/\/safrabrasilfertilizantes.com.br\/loja\/wp-json\/wp\/v2\/media?parent=142"}],"wp:term":[{"taxonomy":"product_brand","embeddable":true,"href":"https:\/\/safrabrasilfertilizantes.com.br\/loja\/wp-json\/wp\/v2\/product_brand?post=142"},{"taxonomy":"product_cat","embeddable":true,"href":"https:\/\/safrabrasilfertilizantes.com.br\/loja\/wp-json\/wp\/v2\/product_cat?post=142"},{"taxonomy":"product_tag","embeddable":true,"href":"https:\/\/safrabrasilfertilizantes.com.br\/loja\/wp-json\/wp\/v2\/product_tag?post=142"}],"curies":[{"name":"wp","href":"https:\/\/api.w.org\/{rel}","templated":true}]}}