{"id":143,"date":"2025-12-06T10:59:11","date_gmt":"2025-12-06T10:59:11","guid":{"rendered":"https:\/\/safrabrasilfertilizantes.com.br\/loja\/?post_type=product&#038;p=143"},"modified":"2026-02-17T18:18:38","modified_gmt":"2026-02-17T18:18:38","slug":"maluli-fix","status":"publish","type":"product","link":"https:\/\/safrabrasilfertilizantes.com.br\/loja\/produto\/maluli-fix\/","title":{"rendered":"MALULI FIX"},"content":{"rendered":"<div class=\"elementor-element elementor-element-065036a elementor-widget elementor-widget-text-editor\" data-id=\"065036a\" data-element_type=\"widget\" data-widget_type=\"text-editor.default\">\n<div class=\"elementor-widget-container\">\n<p>Maluli Fix \u00e9 um adjuvante siliconado com a\u00e7\u00e3o\u00a0<strong data-start=\"280\" data-end=\"418\">adesiva, surfactante, antiespumante, penetrante, emulsionante, antideriva, anticoagulante, antitensoativa, redutora e tamponante de pH<\/strong>.<br data-start=\"419\" data-end=\"422\" \/>Desenvolvido para melhorar a efici\u00eancia das aplica\u00e7\u00f5es agr\u00edcolas, proporcionando melhor espalhamento, ader\u00eancia e performance dos produtos aplicados.<\/p>\n<\/div>\n<\/div>\n","protected":false},"excerpt":{"rendered":"<p class=\"elementor-heading-title elementor-size-default\">Maluli Fix \u00e9 um adjuvante siliconado com a\u00e7\u00e3o adesiva, surfactante, antiespumante, penetrante, emulsionante, antideriva, anticoagulante, antitensoativa, redutora e tamponante de pH. Desenvolvido para melhorar a efici\u00eancia das aplica\u00e7\u00f5es agr\u00edcolas, proporcionando melhor espalhamento, ader\u00eancia e performance dos produtos aplicados.<\/p>\n","protected":false},"featured_media":118,"comment_status":"open","ping_status":"closed","template":"","meta":[],"product_brand":[],"product_cat":[17],"product_tag":[],"class_list":{"0":"post-143","1":"product","2":"type-product","3":"status-publish","4":"has-post-thumbnail","6":"product_cat-liquidos","8":"first","9":"instock","10":"taxable","11":"shipping-taxable","12":"purchasable","13":"product-type-simple"},"_links":{"self":[{"href":"https:\/\/safrabrasilfertilizantes.com.br\/loja\/wp-json\/wp\/v2\/product\/143","targetHints":{"allow":["GET"]}}],"collection":[{"href":"https:\/\/safrabrasilfertilizantes.com.br\/loja\/wp-json\/wp\/v2\/product"}],"about":[{"href":"https:\/\/safrabrasilfertilizantes.com.br\/loja\/wp-json\/wp\/v2\/types\/product"}],"replies":[{"embeddable":true,"href":"https:\/\/safrabrasilfertilizantes.com.br\/loja\/wp-json\/wp\/v2\/comments?post=143"}],"wp:featuredmedia":[{"embeddable":true,"href":"https:\/\/safrabrasilfertilizantes.com.br\/loja\/wp-json\/wp\/v2\/media\/118"}],"wp:attachment":[{"href":"https:\/\/safrabrasilfertilizantes.com.br\/loja\/wp-json\/wp\/v2\/media?parent=143"}],"wp:term":[{"taxonomy":"product_brand","embeddable":true,"href":"https:\/\/safrabrasilfertilizantes.com.br\/loja\/wp-json\/wp\/v2\/product_brand?post=143"},{"taxonomy":"product_cat","embeddable":true,"href":"https:\/\/safrabrasilfertilizantes.com.br\/loja\/wp-json\/wp\/v2\/product_cat?post=143"},{"taxonomy":"product_tag","embeddable":true,"href":"https:\/\/safrabrasilfertilizantes.com.br\/loja\/wp-json\/wp\/v2\/product_tag?post=143"}],"curies":[{"name":"wp","href":"https:\/\/api.w.org\/{rel}","templated":true}]}}