{"id":144,"date":"2025-12-06T11:00:17","date_gmt":"2025-12-06T11:00:17","guid":{"rendered":"https:\/\/safrabrasilfertilizantes.com.br\/loja\/?post_type=product&#038;p=144"},"modified":"2026-02-17T18:18:32","modified_gmt":"2026-02-17T18:18:32","slug":"maluli-soja","status":"publish","type":"product","link":"https:\/\/safrabrasilfertilizantes.com.br\/loja\/produto\/maluli-soja\/","title":{"rendered":"MALULI SOJA"},"content":{"rendered":"<div class=\"elementor-element elementor-element-065036a elementor-widget elementor-widget-text-editor\" data-id=\"065036a\" data-element_type=\"widget\" data-widget_type=\"text-editor.default\">\n<div class=\"elementor-widget-container\">\n<p><strong data-start=\"1236\" data-end=\"1251\">Maluli Soja<\/strong>\u00a0foi desenvolvido para suprir as necessidades de micronutrientes da cultura da soja.<br data-start=\"1335\" data-end=\"1338\" \/>Totalmente sol\u00favel em \u00e1gua, apresenta f\u00e1cil absor\u00e7\u00e3o pelo solo e pelos tecidos vegetais. Com sua formula\u00e7\u00e3o equilibrada, auxilia na ativa\u00e7\u00e3o dos processos fisiol\u00f3gicos, proporcionando maior vigor \u00e0s plantas e reduzindo efeitos de estresses, resultando em\u00a0<strong data-start=\"1593\" data-end=\"1636\">melhor desempenho e maior produtividade<\/strong>.<\/p>\n<\/div>\n<\/div>\n<div class=\"elementor-element elementor-element-b65d176 elementor-widget elementor-widget-text-editor\" data-id=\"b65d176\" data-element_type=\"widget\" data-widget_type=\"text-editor.default\">\n<div class=\"elementor-widget-container\">\n<table>\n<thead>\n<tr>\n<th>Nutriente<\/th>\n<th>Concentra\u00e7\u00e3o<\/th>\n<\/tr>\n<\/thead>\n<tbody>\n<tr>\n<td>N<\/td>\n<td>5,0% (62,5 g\/L)<\/td>\n<\/tr>\n<tr>\n<td>Zn<\/td>\n<td>3,0% (37,5 g\/L)<\/td>\n<\/tr>\n<tr>\n<td>Mo<\/td>\n<td>0,4% (5,0 g\/L)<\/td>\n<\/tr>\n<tr>\n<td>Cu<\/td>\n<td>1,0% (12,5 g\/L)<\/td>\n<\/tr>\n<tr>\n<td>Mg<\/td>\n<td>2,0% (25,0 g\/L)<\/td>\n<\/tr>\n<tr>\n<td>Mn<\/td>\n<td>6,0% (75,0 g\/L)<\/td>\n<\/tr>\n<tr>\n<td>B<\/td>\n<td>0,5% (6,25 g\/L)<\/td>\n<\/tr>\n<tr>\n<td>S<\/td>\n<td>6,9% (86,25 g\/L)<\/td>\n<\/tr>\n<\/tbody>\n<\/table>\n<\/div>\n<\/div>\n","protected":false},"excerpt":{"rendered":"<p class=\"elementor-heading-title elementor-size-default\">Maluli Soja foi desenvolvido para suprir as necessidades de micronutrientes da cultura da soja. Totalmente sol\u00favel em \u00e1gua, apresenta f\u00e1cil absor\u00e7\u00e3o pelo solo e pelos tecidos vegetais. Com sua formula\u00e7\u00e3o equilibrada, auxilia na ativa\u00e7\u00e3o dos processos fisiol\u00f3gicos, proporcionando maior vigor \u00e0s plantas e reduzindo efeitos de estresses, resultando em melhor desempenho e maior produtividade.<\/p>\n","protected":false},"featured_media":119,"comment_status":"open","ping_status":"closed","template":"","meta":[],"product_brand":[],"product_cat":[17],"product_tag":[],"class_list":{"0":"post-144","1":"product","2":"type-product","3":"status-publish","4":"has-post-thumbnail","6":"product_cat-liquidos","8":"first","9":"instock","10":"taxable","11":"shipping-taxable","12":"purchasable","13":"product-type-simple"},"_links":{"self":[{"href":"https:\/\/safrabrasilfertilizantes.com.br\/loja\/wp-json\/wp\/v2\/product\/144","targetHints":{"allow":["GET"]}}],"collection":[{"href":"https:\/\/safrabrasilfertilizantes.com.br\/loja\/wp-json\/wp\/v2\/product"}],"about":[{"href":"https:\/\/safrabrasilfertilizantes.com.br\/loja\/wp-json\/wp\/v2\/types\/product"}],"replies":[{"embeddable":true,"href":"https:\/\/safrabrasilfertilizantes.com.br\/loja\/wp-json\/wp\/v2\/comments?post=144"}],"wp:featuredmedia":[{"embeddable":true,"href":"https:\/\/safrabrasilfertilizantes.com.br\/loja\/wp-json\/wp\/v2\/media\/119"}],"wp:attachment":[{"href":"https:\/\/safrabrasilfertilizantes.com.br\/loja\/wp-json\/wp\/v2\/media?parent=144"}],"wp:term":[{"taxonomy":"product_brand","embeddable":true,"href":"https:\/\/safrabrasilfertilizantes.com.br\/loja\/wp-json\/wp\/v2\/product_brand?post=144"},{"taxonomy":"product_cat","embeddable":true,"href":"https:\/\/safrabrasilfertilizantes.com.br\/loja\/wp-json\/wp\/v2\/product_cat?post=144"},{"taxonomy":"product_tag","embeddable":true,"href":"https:\/\/safrabrasilfertilizantes.com.br\/loja\/wp-json\/wp\/v2\/product_tag?post=144"}],"curies":[{"name":"wp","href":"https:\/\/api.w.org\/{rel}","templated":true}]}}