{"id":146,"date":"2025-12-06T11:02:32","date_gmt":"2025-12-06T11:02:32","guid":{"rendered":"https:\/\/safrabrasilfertilizantes.com.br\/loja\/?post_type=product&#038;p=146"},"modified":"2026-02-17T18:18:07","modified_gmt":"2026-02-17T18:18:07","slug":"naray","status":"publish","type":"product","link":"https:\/\/safrabrasilfertilizantes.com.br\/loja\/produto\/naray\/","title":{"rendered":"NARAY"},"content":{"rendered":"<div class=\"elementor-element elementor-element-065036a elementor-widget elementor-widget-text-editor\" data-id=\"065036a\" data-element_type=\"widget\" data-widget_type=\"text-editor.default\">\n<div class=\"elementor-widget-container\">\n<p><strong data-start=\"1090\" data-end=\"1099\">Naray<\/strong>\u00a0\u00e9 um condicionador org\u00e2nico de solo desenvolvido para fornecer elevados n\u00edveis de mat\u00e9ria org\u00e2nica l\u00edquida, composta principalmente por\u00a0<strong data-start=\"1236\" data-end=\"1265\">\u00e1cidos h\u00famicos e f\u00falvicos<\/strong>, essenciais para a reestrutura\u00e7\u00e3o e revitaliza\u00e7\u00e3o de solos agricultur\u00e1veis. Seu uso cont\u00ednuo melhora a capacidade de troca cati\u00f4nica, favorece o desenvolvimento radicular e auxilia na reten\u00e7\u00e3o de \u00e1gua e nutrientes.<\/p>\n<\/div>\n<\/div>\n<div class=\"elementor-element elementor-element-b65d176 elementor-widget elementor-widget-text-editor\" data-id=\"b65d176\" data-element_type=\"widget\" data-widget_type=\"text-editor.default\">\n<div class=\"elementor-widget-container\">\n<table>\n<thead>\n<tr>\n<th>Componente<\/th>\n<th>Concentra\u00e7\u00e3o<\/th>\n<\/tr>\n<\/thead>\n<tbody>\n<tr>\n<td>P\u2082O\u2085<\/td>\n<td>3,0% (30,0 g\/L)<\/td>\n<\/tr>\n<tr>\n<td>COT<\/td>\n<td>24,0% (242,4 g\/L)<\/td>\n<\/tr>\n<\/tbody>\n<\/table>\n<\/div>\n<\/div>\n","protected":false},"excerpt":{"rendered":"<p class=\"elementor-heading-title elementor-size-default\">Naray \u00e9 um condicionador org\u00e2nico de solo desenvolvido para fornecer elevados n\u00edveis de mat\u00e9ria org\u00e2nica l\u00edquida, composta principalmente por \u00e1cidos h\u00famicos e f\u00falvicos, essenciais para a reestrutura\u00e7\u00e3o e revitaliza\u00e7\u00e3o de solos agricultur\u00e1veis. Seu uso cont\u00ednuo melhora a capacidade de troca cati\u00f4nica, favorece o desenvolvimento radicular e auxilia na reten\u00e7\u00e3o de \u00e1gua e nutrientes.<\/p>\n","protected":false},"featured_media":121,"comment_status":"open","ping_status":"closed","template":"","meta":[],"product_brand":[],"product_cat":[17],"product_tag":[],"class_list":{"0":"post-146","1":"product","2":"type-product","3":"status-publish","4":"has-post-thumbnail","6":"product_cat-liquidos","8":"first","9":"instock","10":"taxable","11":"shipping-taxable","12":"purchasable","13":"product-type-simple"},"_links":{"self":[{"href":"https:\/\/safrabrasilfertilizantes.com.br\/loja\/wp-json\/wp\/v2\/product\/146","targetHints":{"allow":["GET"]}}],"collection":[{"href":"https:\/\/safrabrasilfertilizantes.com.br\/loja\/wp-json\/wp\/v2\/product"}],"about":[{"href":"https:\/\/safrabrasilfertilizantes.com.br\/loja\/wp-json\/wp\/v2\/types\/product"}],"replies":[{"embeddable":true,"href":"https:\/\/safrabrasilfertilizantes.com.br\/loja\/wp-json\/wp\/v2\/comments?post=146"}],"wp:featuredmedia":[{"embeddable":true,"href":"https:\/\/safrabrasilfertilizantes.com.br\/loja\/wp-json\/wp\/v2\/media\/121"}],"wp:attachment":[{"href":"https:\/\/safrabrasilfertilizantes.com.br\/loja\/wp-json\/wp\/v2\/media?parent=146"}],"wp:term":[{"taxonomy":"product_brand","embeddable":true,"href":"https:\/\/safrabrasilfertilizantes.com.br\/loja\/wp-json\/wp\/v2\/product_brand?post=146"},{"taxonomy":"product_cat","embeddable":true,"href":"https:\/\/safrabrasilfertilizantes.com.br\/loja\/wp-json\/wp\/v2\/product_cat?post=146"},{"taxonomy":"product_tag","embeddable":true,"href":"https:\/\/safrabrasilfertilizantes.com.br\/loja\/wp-json\/wp\/v2\/product_tag?post=146"}],"curies":[{"name":"wp","href":"https:\/\/api.w.org\/{rel}","templated":true}]}}