{"id":147,"date":"2025-12-06T11:03:37","date_gmt":"2025-12-06T11:03:37","guid":{"rendered":"https:\/\/safrabrasilfertilizantes.com.br\/loja\/?post_type=product&#038;p=147"},"modified":"2026-02-17T18:18:00","modified_gmt":"2026-02-17T18:18:00","slug":"nourish-micros","status":"publish","type":"product","link":"https:\/\/safrabrasilfertilizantes.com.br\/loja\/produto\/nourish-micros\/","title":{"rendered":"NOURISH MICROS"},"content":{"rendered":"<div class=\"elementor-element elementor-element-065036a elementor-widget elementor-widget-text-editor\" data-id=\"065036a\" data-element_type=\"widget\" data-widget_type=\"text-editor.default\">\n<div class=\"elementor-widget-container\">\n<p><strong data-start=\"1299\" data-end=\"1317\">Nourish Micros<\/strong>\u00a0foi desenvolvido para suprir as necessidades de micronutrientes das principais culturas agr\u00edcolas. Sua formula\u00e7\u00e3o \u00e9 baseada em estudos cient\u00edficos que determinam os n\u00edveis de extra\u00e7\u00e3o das plantas, permitindo otimizar o desenvolvimento vegetativo e radicular, garantindo maior equil\u00edbrio nutricional e melhor performance produtiva.<\/p>\n<\/div>\n<\/div>\n<div class=\"elementor-element elementor-element-b65d176 elementor-widget elementor-widget-text-editor\" data-id=\"b65d176\" data-element_type=\"widget\" data-widget_type=\"text-editor.default\">\n<div class=\"elementor-widget-container\">\n<table>\n<thead>\n<tr>\n<th>Componente<\/th>\n<th>Concentra\u00e7\u00e3o<\/th>\n<\/tr>\n<\/thead>\n<tbody>\n<tr>\n<td>N<\/td>\n<td>5,0% (60,0 g\/L)<\/td>\n<\/tr>\n<tr>\n<td>Mg<\/td>\n<td>2,0% (24,0 g\/L)<\/td>\n<\/tr>\n<tr>\n<td>Zn<\/td>\n<td>6,0% (72,0 g\/L)<\/td>\n<\/tr>\n<tr>\n<td>Mn<\/td>\n<td>4,0% (48,0 g\/L)<\/td>\n<\/tr>\n<tr>\n<td>Cu<\/td>\n<td>0,5% (0,6 g\/L)<\/td>\n<\/tr>\n<tr>\n<td>B<\/td>\n<td>1,0% (12,0 g\/L)<\/td>\n<\/tr>\n<tr>\n<td>Aditivos<\/td>\n<td>8,0% (96,0 g\/L)<\/td>\n<\/tr>\n<\/tbody>\n<\/table>\n<\/div>\n<\/div>\n","protected":false},"excerpt":{"rendered":"<p class=\"elementor-heading-title elementor-size-default\">Nourish Micros foi desenvolvido para suprir as necessidades de micronutrientes das principais culturas agr\u00edcolas. Sua formula\u00e7\u00e3o \u00e9 baseada em estudos cient\u00edficos que determinam os n\u00edveis de extra\u00e7\u00e3o das plantas, permitindo otimizar o desenvolvimento vegetativo e radicular, garantindo maior equil\u00edbrio nutricional e melhor performance produtiva.<\/p>\n","protected":false},"featured_media":123,"comment_status":"open","ping_status":"closed","template":"","meta":[],"product_brand":[],"product_cat":[17],"product_tag":[],"class_list":{"0":"post-147","1":"product","2":"type-product","3":"status-publish","4":"has-post-thumbnail","6":"product_cat-liquidos","8":"first","9":"instock","10":"taxable","11":"shipping-taxable","12":"purchasable","13":"product-type-simple"},"_links":{"self":[{"href":"https:\/\/safrabrasilfertilizantes.com.br\/loja\/wp-json\/wp\/v2\/product\/147","targetHints":{"allow":["GET"]}}],"collection":[{"href":"https:\/\/safrabrasilfertilizantes.com.br\/loja\/wp-json\/wp\/v2\/product"}],"about":[{"href":"https:\/\/safrabrasilfertilizantes.com.br\/loja\/wp-json\/wp\/v2\/types\/product"}],"replies":[{"embeddable":true,"href":"https:\/\/safrabrasilfertilizantes.com.br\/loja\/wp-json\/wp\/v2\/comments?post=147"}],"wp:featuredmedia":[{"embeddable":true,"href":"https:\/\/safrabrasilfertilizantes.com.br\/loja\/wp-json\/wp\/v2\/media\/123"}],"wp:attachment":[{"href":"https:\/\/safrabrasilfertilizantes.com.br\/loja\/wp-json\/wp\/v2\/media?parent=147"}],"wp:term":[{"taxonomy":"product_brand","embeddable":true,"href":"https:\/\/safrabrasilfertilizantes.com.br\/loja\/wp-json\/wp\/v2\/product_brand?post=147"},{"taxonomy":"product_cat","embeddable":true,"href":"https:\/\/safrabrasilfertilizantes.com.br\/loja\/wp-json\/wp\/v2\/product_cat?post=147"},{"taxonomy":"product_tag","embeddable":true,"href":"https:\/\/safrabrasilfertilizantes.com.br\/loja\/wp-json\/wp\/v2\/product_tag?post=147"}],"curies":[{"name":"wp","href":"https:\/\/api.w.org\/{rel}","templated":true}]}}