{"id":148,"date":"2025-12-06T11:04:36","date_gmt":"2025-12-06T11:04:36","guid":{"rendered":"https:\/\/safrabrasilfertilizantes.com.br\/loja\/?post_type=product&#038;p=148"},"modified":"2026-02-17T18:17:55","modified_gmt":"2026-02-17T18:17:55","slug":"atlas","status":"publish","type":"product","link":"https:\/\/safrabrasilfertilizantes.com.br\/loja\/produto\/atlas\/","title":{"rendered":"Atlas"},"content":{"rendered":"<p data-start=\"2810\" data-end=\"3055\">A linha\u00a0<strong data-start=\"2818\" data-end=\"2834\">Safra Brasil<\/strong>\u00a0oferece fertilizantes com nutrientes essenciais ao desenvolvimento e \u00e0 produ\u00e7\u00e3o das culturas. Todos os nutrientes s\u00e3o totalmente sol\u00faveis em \u00e1gua, garantindo\u00a0<strong data-start=\"2993\" data-end=\"3054\">r\u00e1pida absor\u00e7\u00e3o pela parte a\u00e9rea e pelo sistema radicular<\/strong>.<\/p>\n<p data-start=\"3057\" data-end=\"3169\"><strong data-start=\"3057\" data-end=\"3072\">Observa\u00e7\u00e3o:<\/strong>\u00a0por conter mat\u00e9rias-primas naturais, podem ocorrer varia\u00e7\u00f5es de cor sem altera\u00e7\u00e3o das garantias.<\/p>\n<h3 data-start=\"166\" data-end=\"195\"><strong data-start=\"170\" data-end=\"195\">CULTURAS RECOMENDADAS<\/strong><\/h3>\n<ul data-start=\"196\" data-end=\"350\">\n<li data-start=\"196\" data-end=\"210\">\n<p data-start=\"198\" data-end=\"210\"><strong data-start=\"198\" data-end=\"208\">Banana<\/strong><\/p>\n<\/li>\n<li data-start=\"211\" data-end=\"232\">\n<p data-start=\"213\" data-end=\"232\"><strong data-start=\"213\" data-end=\"230\">Arroz e Trigo<\/strong><\/p>\n<\/li>\n<li data-start=\"233\" data-end=\"253\">\n<p data-start=\"235\" data-end=\"253\"><strong data-start=\"235\" data-end=\"251\">Caf\u00e9 e Cacau<\/strong><\/p>\n<\/li>\n<li data-start=\"254\" data-end=\"268\">\n<p data-start=\"256\" data-end=\"268\"><strong data-start=\"256\" data-end=\"266\">Citrus<\/strong><\/p>\n<\/li>\n<li data-start=\"269\" data-end=\"281\">\n<p data-start=\"271\" data-end=\"281\"><strong data-start=\"271\" data-end=\"279\">Cana<\/strong><\/p>\n<\/li>\n<li data-start=\"282\" data-end=\"296\">\n<p data-start=\"284\" data-end=\"296\"><strong data-start=\"284\" data-end=\"294\">Batata<\/strong><\/p>\n<\/li>\n<li data-start=\"297\" data-end=\"311\">\n<p data-start=\"299\" data-end=\"311\"><strong data-start=\"299\" data-end=\"309\">Feij\u00e3o<\/strong><\/p>\n<\/li>\n<li data-start=\"312\" data-end=\"330\">\n<p data-start=\"314\" data-end=\"330\"><strong data-start=\"314\" data-end=\"328\">Hortali\u00e7as<\/strong><\/p>\n<\/li>\n<li data-start=\"331\" data-end=\"350\">\n<p data-start=\"333\" data-end=\"350\"><strong data-start=\"333\" data-end=\"350\">Milho e Sorgo<\/strong><\/p>\n<\/li>\n<\/ul>\n","protected":false},"excerpt":{"rendered":"<p class=\"elementor-heading-title elementor-size-default\">A linha Safra Brasil oferece fertilizantes com nutrientes essenciais ao desenvolvimento e \u00e0 produ\u00e7\u00e3o das culturas. Todos os nutrientes s\u00e3o totalmente sol\u00faveis em \u00e1gua, garantindo r\u00e1pida absor\u00e7\u00e3o pela parte a\u00e9rea e pelo sistema radicular. Observa\u00e7\u00e3o: por conter mat\u00e9rias-primas naturais, podem ocorrer varia\u00e7\u00f5es de cor sem altera\u00e7\u00e3o das garantias.<\/p>\n","protected":false},"featured_media":126,"comment_status":"open","ping_status":"closed","template":"","meta":[],"product_brand":[],"product_cat":[17],"product_tag":[],"class_list":{"0":"post-148","1":"product","2":"type-product","3":"status-publish","4":"has-post-thumbnail","6":"product_cat-liquidos","8":"first","9":"instock","10":"taxable","11":"shipping-taxable","12":"purchasable","13":"product-type-simple"},"_links":{"self":[{"href":"https:\/\/safrabrasilfertilizantes.com.br\/loja\/wp-json\/wp\/v2\/product\/148","targetHints":{"allow":["GET"]}}],"collection":[{"href":"https:\/\/safrabrasilfertilizantes.com.br\/loja\/wp-json\/wp\/v2\/product"}],"about":[{"href":"https:\/\/safrabrasilfertilizantes.com.br\/loja\/wp-json\/wp\/v2\/types\/product"}],"replies":[{"embeddable":true,"href":"https:\/\/safrabrasilfertilizantes.com.br\/loja\/wp-json\/wp\/v2\/comments?post=148"}],"wp:featuredmedia":[{"embeddable":true,"href":"https:\/\/safrabrasilfertilizantes.com.br\/loja\/wp-json\/wp\/v2\/media\/126"}],"wp:attachment":[{"href":"https:\/\/safrabrasilfertilizantes.com.br\/loja\/wp-json\/wp\/v2\/media?parent=148"}],"wp:term":[{"taxonomy":"product_brand","embeddable":true,"href":"https:\/\/safrabrasilfertilizantes.com.br\/loja\/wp-json\/wp\/v2\/product_brand?post=148"},{"taxonomy":"product_cat","embeddable":true,"href":"https:\/\/safrabrasilfertilizantes.com.br\/loja\/wp-json\/wp\/v2\/product_cat?post=148"},{"taxonomy":"product_tag","embeddable":true,"href":"https:\/\/safrabrasilfertilizantes.com.br\/loja\/wp-json\/wp\/v2\/product_tag?post=148"}],"curies":[{"name":"wp","href":"https:\/\/api.w.org\/{rel}","templated":true}]}}