{"id":150,"date":"2025-12-06T11:06:42","date_gmt":"2025-12-06T11:06:42","guid":{"rendered":"https:\/\/safrabrasilfertilizantes.com.br\/loja\/?post_type=product&#038;p=150"},"modified":"2026-02-17T18:17:40","modified_gmt":"2026-02-17T18:17:40","slug":"podium","status":"publish","type":"product","link":"https:\/\/safrabrasilfertilizantes.com.br\/loja\/produto\/podium\/","title":{"rendered":"Podium"},"content":{"rendered":"<p data-start=\"159\" data-end=\"537\">O Fertilizante L\u00edquido Org\u00e2nico Classe A \u00e9 uma solu\u00e7\u00e3o natural desenvolvida para nutrir o solo e fortalecer as plantas de forma sustent\u00e1vel. Produzido a partir de mat\u00e9ria org\u00e2nica de alta qualidade e submetido a processos controlados, o produto oferece uma fonte equilibrada de nutrientes essenciais, favorecendo o crescimento vigoroso e o desenvolvimento saud\u00e1vel das culturas.<\/p>\n<p data-start=\"539\" data-end=\"812\">Totalmente seguro e ambientalmente respons\u00e1vel, trata-se de um fertilizante\u00a0<strong data-start=\"615\" data-end=\"627\">Classe A<\/strong>, elaborado com mat\u00e9rias-primas selecionadas e submetidas a rigorosos padr\u00f5es de controle, garantindo aus\u00eancia de contaminantes e proporcionando benef\u00edcios diretos ao solo e \u00e0s plantas.<\/p>\n<p data-start=\"814\" data-end=\"1115\">Sua aplica\u00e7\u00e3o regular melhora a estrutura f\u00edsica do solo, estimula a atividade microbiol\u00f3gica e favorece o melhor aproveitamento dos nutrientes j\u00e1 existentes no ambiente. Por ser l\u00edquido, oferece\u00a0<strong data-start=\"1010\" data-end=\"1029\">r\u00e1pida absor\u00e7\u00e3o<\/strong>, f\u00e1cil manuseio e excelente compatibilidade com sistemas de irriga\u00e7\u00e3o e pulveriza\u00e7\u00e3o.<\/p>\n<h3 data-start=\"1117\" data-end=\"1135\"><strong data-start=\"1121\" data-end=\"1135\">Benef\u00edcios<\/strong><\/h3>\n<ul data-start=\"1136\" data-end=\"1380\">\n<li data-start=\"1136\" data-end=\"1185\">\n<p data-start=\"1138\" data-end=\"1185\">Estimula o crescimento vegetativo e radicular<\/p>\n<\/li>\n<li data-start=\"1186\" data-end=\"1227\">\n<p data-start=\"1188\" data-end=\"1227\">Melhora a fertilidade natural do solo<\/p>\n<\/li>\n<li data-start=\"1228\" data-end=\"1292\">\n<p data-start=\"1230\" data-end=\"1292\">Aumenta a reten\u00e7\u00e3o de \u00e1gua e a disponibilidade de nutrientes<\/p>\n<\/li>\n<li data-start=\"1293\" data-end=\"1327\">\n<p data-start=\"1295\" data-end=\"1327\">Favorece a microbiota ben\u00e9fica<\/p>\n<\/li>\n<li data-start=\"1328\" data-end=\"1380\">\n<p data-start=\"1330\" data-end=\"1380\">Produto totalmente seguro, natural e sustent\u00e1vel<\/p>\n<\/li>\n<\/ul>\n","protected":false},"excerpt":{"rendered":"<p class=\"elementor-heading-title elementor-size-default\">Podium \u00e9 um fertilizante org\u00e2nico mineral para uso via solo ou fertirriga\u00e7\u00e3o, desenvolvido para atender todas as necessidades nutricionais das culturas. O produto \u00e9 enriquecido com subst\u00e2ncias h\u00famicas e amino\u00e1cidos, conferindo alta performance agron\u00f4mica e melhor absor\u00e7\u00e3o de nutrientes.<\/p>\n","protected":false},"featured_media":128,"comment_status":"open","ping_status":"closed","template":"","meta":[],"product_brand":[],"product_cat":[17],"product_tag":[],"class_list":{"0":"post-150","1":"product","2":"type-product","3":"status-publish","4":"has-post-thumbnail","6":"product_cat-liquidos","8":"first","9":"instock","10":"taxable","11":"shipping-taxable","12":"purchasable","13":"product-type-simple"},"_links":{"self":[{"href":"https:\/\/safrabrasilfertilizantes.com.br\/loja\/wp-json\/wp\/v2\/product\/150","targetHints":{"allow":["GET"]}}],"collection":[{"href":"https:\/\/safrabrasilfertilizantes.com.br\/loja\/wp-json\/wp\/v2\/product"}],"about":[{"href":"https:\/\/safrabrasilfertilizantes.com.br\/loja\/wp-json\/wp\/v2\/types\/product"}],"replies":[{"embeddable":true,"href":"https:\/\/safrabrasilfertilizantes.com.br\/loja\/wp-json\/wp\/v2\/comments?post=150"}],"wp:featuredmedia":[{"embeddable":true,"href":"https:\/\/safrabrasilfertilizantes.com.br\/loja\/wp-json\/wp\/v2\/media\/128"}],"wp:attachment":[{"href":"https:\/\/safrabrasilfertilizantes.com.br\/loja\/wp-json\/wp\/v2\/media?parent=150"}],"wp:term":[{"taxonomy":"product_brand","embeddable":true,"href":"https:\/\/safrabrasilfertilizantes.com.br\/loja\/wp-json\/wp\/v2\/product_brand?post=150"},{"taxonomy":"product_cat","embeddable":true,"href":"https:\/\/safrabrasilfertilizantes.com.br\/loja\/wp-json\/wp\/v2\/product_cat?post=150"},{"taxonomy":"product_tag","embeddable":true,"href":"https:\/\/safrabrasilfertilizantes.com.br\/loja\/wp-json\/wp\/v2\/product_tag?post=150"}],"curies":[{"name":"wp","href":"https:\/\/api.w.org\/{rel}","templated":true}]}}