{"id":152,"date":"2025-12-06T11:10:52","date_gmt":"2025-12-06T11:10:52","guid":{"rendered":"https:\/\/safrabrasilfertilizantes.com.br\/loja\/?post_type=product&#038;p=152"},"modified":"2026-02-17T18:17:26","modified_gmt":"2026-02-17T18:17:26","slug":"sauber-k","status":"publish","type":"product","link":"https:\/\/safrabrasilfertilizantes.com.br\/loja\/produto\/sauber-k\/","title":{"rendered":"Sauber K"},"content":{"rendered":"<div class=\"elementor-element elementor-element-065036a elementor-widget elementor-widget-text-editor\" data-id=\"065036a\" data-element_type=\"widget\" data-widget_type=\"text-editor.default\">\n<div class=\"elementor-widget-container\">\n<p>linha Safra Brasil s\u00e3o Fertilizantes contendo nutrientes essenciais ao desenvolvimento e produ\u00e7\u00e3o das culturas. Devem ser misturados<br \/>\ncom \u00e1gua. A linha Safra Brasil apresenta todos os nutrientes sol\u00faveis em \u00e1gua assim sendo rapidamente absorvidos e aproveitados pela parte a\u00e9rea e sistemas radiculares das plantas.<\/p>\n<\/div>\n<\/div>\n<div class=\"elementor-element elementor-element-b65d176 elementor-widget elementor-widget-text-editor\" data-id=\"b65d176\" data-element_type=\"widget\" data-widget_type=\"text-editor.default\">\n<div class=\"elementor-widget-container\">\n<table>\n<thead>\n<tr>\n<th>Cultura<\/th>\n<th>Dose Via Solo<\/th>\n<th>\u00c9poca de Aplica\u00e7\u00e3o<\/th>\n<\/tr>\n<\/thead>\n<tbody>\n<tr>\n<td><strong>Algod\u00e3o<\/strong><\/td>\n<td>1 kg\/ha<\/td>\n<td>Pr\u00e9-florada e p\u00f3s-florada<\/td>\n<\/tr>\n<tr>\n<td><strong>Amendoim<\/strong><\/td>\n<td>1 kg\/ha<\/td>\n<td>Pr\u00e9-florada e p\u00f3s-florada<\/td>\n<\/tr>\n<tr>\n<td><strong>Arroz<\/strong><\/td>\n<td>1 kg\/ha<\/td>\n<td>Pr\u00e9-florada e emborrachamento<\/td>\n<\/tr>\n<tr>\n<td><strong>Batata<\/strong><\/td>\n<td>1 kg\/ha<\/td>\n<td>In\u00edcio do florescimento<\/td>\n<\/tr>\n<tr>\n<td><strong>Caf\u00e9<\/strong><\/td>\n<td>1 kg\/ha<\/td>\n<td>Pr\u00e9-florada, p\u00f3s-florada e chumbinho<\/td>\n<\/tr>\n<tr>\n<td><strong>Citrus<\/strong><\/td>\n<td>1 kg\/ha<\/td>\n<td>Florescimento<\/td>\n<\/tr>\n<tr>\n<td><strong>Feij\u00e3o<\/strong><\/td>\n<td>1 kg\/ha<\/td>\n<td>Pr\u00e9-florada, p\u00f3s-florada e canivetinho<\/td>\n<\/tr>\n<tr>\n<td><strong>Soja<\/strong><\/td>\n<td>1 kg\/ha<\/td>\n<td>Pr\u00e9-florada, p\u00f3s-florada e canivetinho<\/td>\n<\/tr>\n<tr>\n<td><strong>Outras culturas<\/strong><\/td>\n<td>Sob consulta<\/td>\n<td>Florescimento<\/td>\n<\/tr>\n<\/tbody>\n<\/table>\n<\/div>\n<\/div>\n","protected":false},"excerpt":{"rendered":"<p class=\"elementor-heading-title elementor-size-default\">A linha Safra Brasil s\u00e3o Fertilizantes contendo nutrientes essenciais ao desenvolvimento e produ\u00e7\u00e3o das culturas. Devem ser misturados com \u00e1gua. A linha Safra Brasil apresenta todos os nutrientes sol\u00faveis em \u00e1gua assim sendo rapidamente absorvidos e aproveitados pela parte a\u00e9rea e sistemas radiculares das plantas.<\/p>\n","protected":false},"featured_media":130,"comment_status":"open","ping_status":"closed","template":"","meta":[],"product_brand":[],"product_cat":[17],"product_tag":[],"class_list":{"0":"post-152","1":"product","2":"type-product","3":"status-publish","4":"has-post-thumbnail","6":"product_cat-liquidos","8":"first","9":"instock","10":"taxable","11":"shipping-taxable","12":"purchasable","13":"product-type-simple"},"_links":{"self":[{"href":"https:\/\/safrabrasilfertilizantes.com.br\/loja\/wp-json\/wp\/v2\/product\/152","targetHints":{"allow":["GET"]}}],"collection":[{"href":"https:\/\/safrabrasilfertilizantes.com.br\/loja\/wp-json\/wp\/v2\/product"}],"about":[{"href":"https:\/\/safrabrasilfertilizantes.com.br\/loja\/wp-json\/wp\/v2\/types\/product"}],"replies":[{"embeddable":true,"href":"https:\/\/safrabrasilfertilizantes.com.br\/loja\/wp-json\/wp\/v2\/comments?post=152"}],"wp:featuredmedia":[{"embeddable":true,"href":"https:\/\/safrabrasilfertilizantes.com.br\/loja\/wp-json\/wp\/v2\/media\/130"}],"wp:attachment":[{"href":"https:\/\/safrabrasilfertilizantes.com.br\/loja\/wp-json\/wp\/v2\/media?parent=152"}],"wp:term":[{"taxonomy":"product_brand","embeddable":true,"href":"https:\/\/safrabrasilfertilizantes.com.br\/loja\/wp-json\/wp\/v2\/product_brand?post=152"},{"taxonomy":"product_cat","embeddable":true,"href":"https:\/\/safrabrasilfertilizantes.com.br\/loja\/wp-json\/wp\/v2\/product_cat?post=152"},{"taxonomy":"product_tag","embeddable":true,"href":"https:\/\/safrabrasilfertilizantes.com.br\/loja\/wp-json\/wp\/v2\/product_tag?post=152"}],"curies":[{"name":"wp","href":"https:\/\/api.w.org\/{rel}","templated":true}]}}