{"id":153,"date":"2025-12-06T15:38:27","date_gmt":"2025-12-06T15:38:27","guid":{"rendered":"https:\/\/safrabrasilfertilizantes.com.br\/loja\/?post_type=product&#038;p=153"},"modified":"2026-02-17T18:11:22","modified_gmt":"2026-02-17T18:11:22","slug":"shield","status":"publish","type":"product","link":"https:\/\/safrabrasilfertilizantes.com.br\/loja\/produto\/shield\/","title":{"rendered":"SHIELD"},"content":{"rendered":"<div class=\"elementor-element elementor-element-065036a elementor-widget elementor-widget-text-editor\" data-id=\"065036a\" data-element_type=\"widget\" data-widget_type=\"text-editor.default\">\n<div class=\"elementor-widget-container\">\n<p data-start=\"737\" data-end=\"1031\"><strong data-start=\"0\" data-end=\"10\">Shield<\/strong> \u00e9 um fungicida desenvolvido para oferecer prote\u00e7\u00e3o eficiente contra doen\u00e7as f\u00fangicas que comprometem o desenvolvimento e a produtividade das culturas. Sua formula\u00e7\u00e3o avan\u00e7ada atua de forma preventiva e curativa, auxiliando no controle de pat\u00f3genos, fortalecendo a sanidade das plantas e contribuindo para lavouras mais vigorosas e produtivas. Indicado para manejo integrado, Shield proporciona seguran\u00e7a, desempenho agron\u00f4mico e excelente custo-benef\u00edcio ao produtor.<\/p>\n<p data-start=\"737\" data-end=\"1031\">\n<table>\n<thead>\n<tr>\n<th><strong>Culturas<\/strong><\/th>\n<th><strong>Dosagem<\/strong><\/th>\n<\/tr>\n<\/thead>\n<tbody>\n<tr>\n<td>Batata, cebola, mandioca<\/td>\n<td>500 ml\/ha<\/td>\n<\/tr>\n<tr>\n<td>Alface, repolho, couve<\/td>\n<td>500 mlha<\/td>\n<\/tr>\n<tr>\n<td>Soja, feij\u00e3o, amendoim<\/td>\n<td>500 ml\/ha<\/td>\n<\/tr>\n<tr>\n<td>Milho, sorgo, pastagens<\/td>\n<td>500 mL\/ha<\/td>\n<\/tr>\n<tr>\n<td>Tomate, piment\u00e3o, berinjela<\/td>\n<td>500 mL\/ha<\/td>\n<\/tr>\n<tr>\n<td>Caf\u00e9, citrus, mam\u00e3o<\/td>\n<td>500 ml\/ha<\/td>\n<\/tr>\n<\/tbody>\n<\/table>\n<\/div>\n<\/div>\n<div class=\"elementor-element elementor-element-b65d176 elementor-widget elementor-widget-text-editor\" data-id=\"b65d176\" data-element_type=\"widget\" data-widget_type=\"text-editor.default\"><\/div>\n","protected":false},"excerpt":{"rendered":"<p class=\"elementor-heading-title elementor-size-default\">Shield \u00e9 um adjuvante desenvolvido para potencializar e otimizar a performance de fungicidas multiss\u00edtios, proporcionando benef\u00edcios ambientais, agron\u00f4micos e financeiros. Seu uso auxilia na efici\u00eancia das aplica\u00e7\u00f5es, na qualidade da cobertura e no melhor aproveitamento dos defensivos.<\/p>\n","protected":false},"featured_media":131,"comment_status":"open","ping_status":"closed","template":"","meta":[],"product_brand":[],"product_cat":[17],"product_tag":[],"class_list":{"0":"post-153","1":"product","2":"type-product","3":"status-publish","4":"has-post-thumbnail","6":"product_cat-liquidos","8":"first","9":"instock","10":"taxable","11":"shipping-taxable","12":"purchasable","13":"product-type-simple"},"_links":{"self":[{"href":"https:\/\/safrabrasilfertilizantes.com.br\/loja\/wp-json\/wp\/v2\/product\/153","targetHints":{"allow":["GET"]}}],"collection":[{"href":"https:\/\/safrabrasilfertilizantes.com.br\/loja\/wp-json\/wp\/v2\/product"}],"about":[{"href":"https:\/\/safrabrasilfertilizantes.com.br\/loja\/wp-json\/wp\/v2\/types\/product"}],"replies":[{"embeddable":true,"href":"https:\/\/safrabrasilfertilizantes.com.br\/loja\/wp-json\/wp\/v2\/comments?post=153"}],"wp:featuredmedia":[{"embeddable":true,"href":"https:\/\/safrabrasilfertilizantes.com.br\/loja\/wp-json\/wp\/v2\/media\/131"}],"wp:attachment":[{"href":"https:\/\/safrabrasilfertilizantes.com.br\/loja\/wp-json\/wp\/v2\/media?parent=153"}],"wp:term":[{"taxonomy":"product_brand","embeddable":true,"href":"https:\/\/safrabrasilfertilizantes.com.br\/loja\/wp-json\/wp\/v2\/product_brand?post=153"},{"taxonomy":"product_cat","embeddable":true,"href":"https:\/\/safrabrasilfertilizantes.com.br\/loja\/wp-json\/wp\/v2\/product_cat?post=153"},{"taxonomy":"product_tag","embeddable":true,"href":"https:\/\/safrabrasilfertilizantes.com.br\/loja\/wp-json\/wp\/v2\/product_tag?post=153"}],"curies":[{"name":"wp","href":"https:\/\/api.w.org\/{rel}","templated":true}]}}