{"id":154,"date":"2025-12-06T15:39:41","date_gmt":"2025-12-06T15:39:41","guid":{"rendered":"https:\/\/safrabrasilfertilizantes.com.br\/loja\/?post_type=product&#038;p=154"},"modified":"2026-02-17T18:17:18","modified_gmt":"2026-02-17T18:17:18","slug":"silicy-prime","status":"publish","type":"product","link":"https:\/\/safrabrasilfertilizantes.com.br\/loja\/produto\/silicy-prime\/","title":{"rendered":"SILICY PRIME"},"content":{"rendered":"<p>Silicy Prime \u00e9 um adjuvante com propriedades que potencializam e melhoram a performance dos inseticidas, trazendo grandes benef\u00edcios ambientais, agron\u00f4micos e financeiros.<\/p>\n<table>\n<thead>\n<tr>\n<th><strong>Culturas<\/strong><\/th>\n<th><strong>Dosagem<\/strong><\/th>\n<\/tr>\n<\/thead>\n<tbody>\n<tr>\n<td>Cana-de-a\u00e7\u00facar<\/td>\n<td>1L\/ha<\/td>\n<\/tr>\n<tr>\n<td>Caf\u00e9<\/td>\n<td>1L\/ha<\/td>\n<\/tr>\n<tr>\n<td>Citrus<\/td>\n<td>1L\/ha<\/td>\n<\/tr>\n<tr>\n<td>Soja, Milho<\/td>\n<td>1L\/ha<\/td>\n<\/tr>\n<tr>\n<td>Manga, Banana<\/td>\n<td>1 L\/ha<\/td>\n<\/tr>\n<\/tbody>\n<\/table>\n<h2 data-start=\"641\" data-end=\"658\"><strong data-start=\"644\" data-end=\"658\">Composi\u00e7\u00e3o<\/strong><\/h2>\n<p data-start=\"659\" data-end=\"763\">Mat\u00e9rias-primas: Tensoativos, emulsionantes, emulsificantes, translocadores, espalhantes e surfactantes.<\/p>\n","protected":false},"excerpt":{"rendered":"<p class=\"elementor-heading-title elementor-size-default\">Silicy Prime \u00e9 um adjuvante com propriedades que potencializam e melhoram a performance dos inseticidas, trazendo grandes benef\u00edcios ambientais, agron\u00f4micos e financeiros.<\/p>\n","protected":false},"featured_media":132,"comment_status":"open","ping_status":"closed","template":"","meta":[],"product_brand":[],"product_cat":[17],"product_tag":[],"class_list":{"0":"post-154","1":"product","2":"type-product","3":"status-publish","4":"has-post-thumbnail","6":"product_cat-liquidos","8":"first","9":"instock","10":"taxable","11":"shipping-taxable","12":"purchasable","13":"product-type-simple"},"_links":{"self":[{"href":"https:\/\/safrabrasilfertilizantes.com.br\/loja\/wp-json\/wp\/v2\/product\/154","targetHints":{"allow":["GET"]}}],"collection":[{"href":"https:\/\/safrabrasilfertilizantes.com.br\/loja\/wp-json\/wp\/v2\/product"}],"about":[{"href":"https:\/\/safrabrasilfertilizantes.com.br\/loja\/wp-json\/wp\/v2\/types\/product"}],"replies":[{"embeddable":true,"href":"https:\/\/safrabrasilfertilizantes.com.br\/loja\/wp-json\/wp\/v2\/comments?post=154"}],"wp:featuredmedia":[{"embeddable":true,"href":"https:\/\/safrabrasilfertilizantes.com.br\/loja\/wp-json\/wp\/v2\/media\/132"}],"wp:attachment":[{"href":"https:\/\/safrabrasilfertilizantes.com.br\/loja\/wp-json\/wp\/v2\/media?parent=154"}],"wp:term":[{"taxonomy":"product_brand","embeddable":true,"href":"https:\/\/safrabrasilfertilizantes.com.br\/loja\/wp-json\/wp\/v2\/product_brand?post=154"},{"taxonomy":"product_cat","embeddable":true,"href":"https:\/\/safrabrasilfertilizantes.com.br\/loja\/wp-json\/wp\/v2\/product_cat?post=154"},{"taxonomy":"product_tag","embeddable":true,"href":"https:\/\/safrabrasilfertilizantes.com.br\/loja\/wp-json\/wp\/v2\/product_tag?post=154"}],"curies":[{"name":"wp","href":"https:\/\/api.w.org\/{rel}","templated":true}]}}