{"id":164,"date":"2025-12-08T11:09:46","date_gmt":"2025-12-08T11:09:46","guid":{"rendered":"https:\/\/safrabrasilfertilizantes.com.br\/loja\/?post_type=product&#038;p=164"},"modified":"2026-02-17T18:16:59","modified_gmt":"2026-02-17T18:16:59","slug":"apex-20-20-20","status":"publish","type":"product","link":"https:\/\/safrabrasilfertilizantes.com.br\/loja\/produto\/apex-20-20-20\/","title":{"rendered":"APEX 20 20 20"},"content":{"rendered":"<p data-start=\"364\" data-end=\"445\"><strong data-start=\"364\" data-end=\"372\">APEX<\/strong><br data-start=\"372\" data-end=\"375\" \/><strong data-start=\"375\" data-end=\"391\">Linha Maluli<\/strong><br data-start=\"391\" data-end=\"394\" \/><strong data-start=\"394\" data-end=\"406\">20-20-20<\/strong><br data-start=\"406\" data-end=\"409\" \/><strong data-start=\"409\" data-end=\"445\">FERTILIZANTE ORGANOMINERAIS SAIS<\/strong><\/p>\n<p data-start=\"447\" data-end=\"552\">(Bloco de texto pequeno explicativo \u2014 dif\u00edcil de ler completamente na imagem, mas segue o que \u00e9 vis\u00edvel:)<\/p>\n<p data-start=\"554\" data-end=\"713\">APEX 20-20-20 foi desenvolvido para atender as necessidades complementares de Nitrog\u00eanio, F\u00f3sforo e Pot\u00e1ssio, podendo ser aplicado em qualquer fase da cultura.<\/p>\n<p data-start=\"715\" data-end=\"746\"><strong data-start=\"715\" data-end=\"746\">DOSAGEM E MODO DE APLICA\u00c7\u00c3O<\/strong><\/p>\n<p data-start=\"748\" data-end=\"800\">(Tabela com culturas e doses \u2014 parcialmente leg\u00edvel)<\/p>\n<p data-start=\"802\" data-end=\"921\"><strong data-start=\"802\" data-end=\"816\">Garantias:<\/strong><br data-start=\"816\" data-end=\"819\" \/>Nitrog\u00eanio (N) \u2026\u2026\u2026\u2026.. 20%<br data-start=\"852\" data-end=\"855\" \/>F\u00f3sforo (P\u2082O\u2085) \u2026\u2026\u2026\u2026 20%<br data-start=\"886\" data-end=\"889\" \/>Pot\u00e1ssio (K\u2082O) \u2026\u2026\u2026\u2026. 20%<\/p>\n","protected":false},"excerpt":{"rendered":"<p class=\"elementor-heading-title elementor-size-default\">\u2022 20% de Nitrog\u00eanio \u2022 20% de F\u00f3sforo \u2022 20% de Pot\u00e1ssio Desenvolvido para atender as necessidades complementares de Nitrog\u00eanio, F\u00f3sforo e Pot\u00e1ssio em qualquer fase da cultura.<\/p>\n","protected":false},"featured_media":111,"comment_status":"open","ping_status":"closed","template":"","meta":[],"product_brand":[],"product_cat":[16],"product_tag":[],"class_list":{"0":"post-164","1":"product","2":"type-product","3":"status-publish","4":"has-post-thumbnail","6":"product_cat-sais","8":"first","9":"instock","10":"taxable","11":"shipping-taxable","12":"purchasable","13":"product-type-simple"},"_links":{"self":[{"href":"https:\/\/safrabrasilfertilizantes.com.br\/loja\/wp-json\/wp\/v2\/product\/164","targetHints":{"allow":["GET"]}}],"collection":[{"href":"https:\/\/safrabrasilfertilizantes.com.br\/loja\/wp-json\/wp\/v2\/product"}],"about":[{"href":"https:\/\/safrabrasilfertilizantes.com.br\/loja\/wp-json\/wp\/v2\/types\/product"}],"replies":[{"embeddable":true,"href":"https:\/\/safrabrasilfertilizantes.com.br\/loja\/wp-json\/wp\/v2\/comments?post=164"}],"wp:featuredmedia":[{"embeddable":true,"href":"https:\/\/safrabrasilfertilizantes.com.br\/loja\/wp-json\/wp\/v2\/media\/111"}],"wp:attachment":[{"href":"https:\/\/safrabrasilfertilizantes.com.br\/loja\/wp-json\/wp\/v2\/media?parent=164"}],"wp:term":[{"taxonomy":"product_brand","embeddable":true,"href":"https:\/\/safrabrasilfertilizantes.com.br\/loja\/wp-json\/wp\/v2\/product_brand?post=164"},{"taxonomy":"product_cat","embeddable":true,"href":"https:\/\/safrabrasilfertilizantes.com.br\/loja\/wp-json\/wp\/v2\/product_cat?post=164"},{"taxonomy":"product_tag","embeddable":true,"href":"https:\/\/safrabrasilfertilizantes.com.br\/loja\/wp-json\/wp\/v2\/product_tag?post=164"}],"curies":[{"name":"wp","href":"https:\/\/api.w.org\/{rel}","templated":true}]}}