{"id":165,"date":"2025-12-08T11:10:47","date_gmt":"2025-12-08T11:10:47","guid":{"rendered":"https:\/\/safrabrasilfertilizantes.com.br\/loja\/?post_type=product&#038;p=165"},"modified":"2026-02-17T18:16:53","modified_gmt":"2026-02-17T18:16:53","slug":"precision-19-19-19","status":"publish","type":"product","link":"https:\/\/safrabrasilfertilizantes.com.br\/loja\/produto\/precision-19-19-19\/","title":{"rendered":"PRECISION 19 19 19"},"content":{"rendered":"<p data-start=\"385\" data-end=\"431\"><strong data-start=\"401\" data-end=\"416\">Linha Ramos<\/strong><br data-start=\"416\" data-end=\"419\" \/><strong data-start=\"419\" data-end=\"431\">19-19-19<\/strong><\/p>\n<p data-start=\"433\" data-end=\"528\"><strong data-start=\"433\" data-end=\"469\">FERTILIZANTE ORGANOMINERAIS Sais<\/strong><br data-start=\"469\" data-end=\"472\" \/><strong data-start=\"472\" data-end=\"502\">FERTILIZANTE MINERAL MISTO<\/strong><br data-start=\"502\" data-end=\"505\" \/><strong data-start=\"505\" data-end=\"528\">Fertilizante s\u00f3lido<\/strong><\/p>\n<p data-start=\"530\" data-end=\"608\">(O texto t\u00e9cnico do r\u00f3tulo \u00e9 pequeno e n\u00e3o leg\u00edvel integralmente, contendo:)<\/p>\n<ul data-start=\"609\" data-end=\"695\">\n<li data-start=\"609\" data-end=\"638\">\n<p data-start=\"611\" data-end=\"638\">Informa\u00e7\u00f5es de composi\u00e7\u00e3o<\/p>\n<\/li>\n<li data-start=\"639\" data-end=\"670\">\n<p data-start=\"641\" data-end=\"670\">Instru\u00e7\u00f5es de uso e dosagem<\/p>\n<\/li>\n<li data-start=\"671\" data-end=\"695\">\n<p data-start=\"673\" data-end=\"695\">Garantias do produto<\/p>\n<\/li>\n<\/ul>\n<p data-start=\"697\" data-end=\"780\">Na parte inferior:<br data-start=\"715\" data-end=\"718\" \/><strong data-start=\"718\" data-end=\"734\">Safra Brasil<\/strong><br data-start=\"734\" data-end=\"737\" \/><strong data-start=\"737\" data-end=\"754\">Conte\u00fado: 5kg<\/strong><br data-start=\"754\" data-end=\"757\" \/><strong data-start=\"757\" data-end=\"780\">FERTILIZANTE S\u00d3LIDO<\/strong><\/p>\n","protected":false},"excerpt":{"rendered":"<p class=\"elementor-heading-title elementor-size-default\">19% de Nitrog\u00eanio 19% de F\u00f3sforo 19% de Pot\u00e1ssio Desenvolvido para atender as necessidades complementares de Nitrog\u00eanio, F\u00f3sforo e Pot\u00e1ssio em qualquer fase da cultura.<\/p>\n","protected":false},"featured_media":125,"comment_status":"open","ping_status":"closed","template":"","meta":[],"product_brand":[],"product_cat":[16],"product_tag":[],"class_list":{"0":"post-165","1":"product","2":"type-product","3":"status-publish","4":"has-post-thumbnail","6":"product_cat-sais","8":"first","9":"instock","10":"taxable","11":"shipping-taxable","12":"purchasable","13":"product-type-simple"},"_links":{"self":[{"href":"https:\/\/safrabrasilfertilizantes.com.br\/loja\/wp-json\/wp\/v2\/product\/165","targetHints":{"allow":["GET"]}}],"collection":[{"href":"https:\/\/safrabrasilfertilizantes.com.br\/loja\/wp-json\/wp\/v2\/product"}],"about":[{"href":"https:\/\/safrabrasilfertilizantes.com.br\/loja\/wp-json\/wp\/v2\/types\/product"}],"replies":[{"embeddable":true,"href":"https:\/\/safrabrasilfertilizantes.com.br\/loja\/wp-json\/wp\/v2\/comments?post=165"}],"wp:featuredmedia":[{"embeddable":true,"href":"https:\/\/safrabrasilfertilizantes.com.br\/loja\/wp-json\/wp\/v2\/media\/125"}],"wp:attachment":[{"href":"https:\/\/safrabrasilfertilizantes.com.br\/loja\/wp-json\/wp\/v2\/media?parent=165"}],"wp:term":[{"taxonomy":"product_brand","embeddable":true,"href":"https:\/\/safrabrasilfertilizantes.com.br\/loja\/wp-json\/wp\/v2\/product_brand?post=165"},{"taxonomy":"product_cat","embeddable":true,"href":"https:\/\/safrabrasilfertilizantes.com.br\/loja\/wp-json\/wp\/v2\/product_cat?post=165"},{"taxonomy":"product_tag","embeddable":true,"href":"https:\/\/safrabrasilfertilizantes.com.br\/loja\/wp-json\/wp\/v2\/product_tag?post=165"}],"curies":[{"name":"wp","href":"https:\/\/api.w.org\/{rel}","templated":true}]}}