{"id":166,"date":"2025-12-08T11:11:55","date_gmt":"2025-12-08T11:11:55","guid":{"rendered":"https:\/\/safrabrasilfertilizantes.com.br\/loja\/?post_type=product&#038;p=166"},"modified":"2026-02-17T18:16:48","modified_gmt":"2026-02-17T18:16:48","slug":"phos-advanced","status":"publish","type":"product","link":"https:\/\/safrabrasilfertilizantes.com.br\/loja\/produto\/phos-advanced\/","title":{"rendered":"PH\u00d3S ADVANCED"},"content":{"rendered":"<p data-start=\"355\" data-end=\"390\"><strong data-start=\"375\" data-end=\"390\">Linha Ramos<\/strong><\/p>\n<p data-start=\"392\" data-end=\"487\"><strong data-start=\"392\" data-end=\"428\">FERTILIZANTE ORGANOMINERAIS Sais<\/strong><br data-start=\"428\" data-end=\"431\" \/><strong data-start=\"431\" data-end=\"461\">FERTILIZANTE MINERAL MISTO<\/strong><br data-start=\"461\" data-end=\"464\" \/><strong data-start=\"464\" data-end=\"487\">Fertilizante s\u00f3lido<\/strong><\/p>\n<p data-start=\"489\" data-end=\"575\">(Parte do texto t\u00e9cnico do r\u00f3tulo \u00e9 pequeno e n\u00e3o leg\u00edvel com precis\u00e3o, mas inclui:)<\/p>\n<ul data-start=\"576\" data-end=\"693\">\n<li data-start=\"576\" data-end=\"608\">\n<p data-start=\"578\" data-end=\"608\">Informa\u00e7\u00f5es sobre composi\u00e7\u00e3o<\/p>\n<\/li>\n<li data-start=\"609\" data-end=\"640\">\n<p data-start=\"611\" data-end=\"640\">Instru\u00e7\u00f5es de uso e dosagem<\/p>\n<\/li>\n<li data-start=\"641\" data-end=\"665\">\n<p data-start=\"643\" data-end=\"665\">Garantias do produto<\/p>\n<\/li>\n<li data-start=\"666\" data-end=\"693\">\n<p data-start=\"668\" data-end=\"693\">Cuidados de armazenamento<\/p>\n<\/li>\n<\/ul>\n<p data-start=\"695\" data-end=\"778\">Na parte inferior:<br data-start=\"713\" data-end=\"716\" \/><strong data-start=\"716\" data-end=\"732\">Safra Brasil<\/strong><br data-start=\"732\" data-end=\"735\" \/><strong data-start=\"735\" data-end=\"752\">Conte\u00fado: 5kg<\/strong><br data-start=\"752\" data-end=\"755\" \/><strong data-start=\"755\" data-end=\"778\">FERTILIZANTE S\u00d3LIDO<\/strong><\/p>\n","protected":false},"excerpt":{"rendered":"<p class=\"elementor-heading-title elementor-size-default\">0% de Nitrog\u00eanio 70% de F\u00f3sforo 10% de Pot\u00e1ssio Desenvolvido especificamente para fornecer P com alta efici\u00eancia e redu\u00e7\u00e3o de perdas.<\/p>\n","protected":false},"featured_media":124,"comment_status":"open","ping_status":"closed","template":"","meta":[],"product_brand":[],"product_cat":[16],"product_tag":[],"class_list":{"0":"post-166","1":"product","2":"type-product","3":"status-publish","4":"has-post-thumbnail","6":"product_cat-sais","8":"first","9":"instock","10":"taxable","11":"shipping-taxable","12":"purchasable","13":"product-type-simple"},"_links":{"self":[{"href":"https:\/\/safrabrasilfertilizantes.com.br\/loja\/wp-json\/wp\/v2\/product\/166","targetHints":{"allow":["GET"]}}],"collection":[{"href":"https:\/\/safrabrasilfertilizantes.com.br\/loja\/wp-json\/wp\/v2\/product"}],"about":[{"href":"https:\/\/safrabrasilfertilizantes.com.br\/loja\/wp-json\/wp\/v2\/types\/product"}],"replies":[{"embeddable":true,"href":"https:\/\/safrabrasilfertilizantes.com.br\/loja\/wp-json\/wp\/v2\/comments?post=166"}],"wp:featuredmedia":[{"embeddable":true,"href":"https:\/\/safrabrasilfertilizantes.com.br\/loja\/wp-json\/wp\/v2\/media\/124"}],"wp:attachment":[{"href":"https:\/\/safrabrasilfertilizantes.com.br\/loja\/wp-json\/wp\/v2\/media?parent=166"}],"wp:term":[{"taxonomy":"product_brand","embeddable":true,"href":"https:\/\/safrabrasilfertilizantes.com.br\/loja\/wp-json\/wp\/v2\/product_brand?post=166"},{"taxonomy":"product_cat","embeddable":true,"href":"https:\/\/safrabrasilfertilizantes.com.br\/loja\/wp-json\/wp\/v2\/product_cat?post=166"},{"taxonomy":"product_tag","embeddable":true,"href":"https:\/\/safrabrasilfertilizantes.com.br\/loja\/wp-json\/wp\/v2\/product_tag?post=166"}],"curies":[{"name":"wp","href":"https:\/\/api.w.org\/{rel}","templated":true}]}}