{"id":168,"date":"2025-12-08T11:14:11","date_gmt":"2025-12-08T11:14:11","guid":{"rendered":"https:\/\/safrabrasilfertilizantes.com.br\/loja\/?post_type=product&#038;p=168"},"modified":"2026-02-17T18:16:30","modified_gmt":"2026-02-17T18:16:30","slug":"forjed-20-05-20","status":"publish","type":"product","link":"https:\/\/safrabrasilfertilizantes.com.br\/loja\/produto\/forjed-20-05-20\/","title":{"rendered":"FORJED- 20 05 20"},"content":{"rendered":"<p data-start=\"367\" data-end=\"410\"><strong data-start=\"367\" data-end=\"377\">FORJED<\/strong><br data-start=\"377\" data-end=\"380\" \/><strong data-start=\"380\" data-end=\"395\">Linha Ramos<\/strong><br data-start=\"395\" data-end=\"398\" \/><strong data-start=\"398\" data-end=\"410\">20-05-20<\/strong><\/p>\n<p data-start=\"412\" data-end=\"474\">(Bloco de texto explicativo \u2014 parcialmente leg\u00edvel na imagem:)<\/p>\n<p data-start=\"476\" data-end=\"672\">FERTILIZANTE ORGANOMINERAIS SAIS<br data-start=\"508\" data-end=\"511\" \/>FORJED 20-05-20 foi desenvolvido para atender as necessidades complementares de Nitrog\u00eanio, F\u00f3sforo e Pot\u00e1ssio, podendo ser aplicado em qualquer fase da cultura.<\/p>\n<p data-start=\"674\" data-end=\"748\"><strong data-start=\"674\" data-end=\"705\">DOSAGEM E MODO DE APLICA\u00c7\u00c3O<\/strong><br data-start=\"705\" data-end=\"708\" \/>(Tabela de doses \u2014 parcialmente leg\u00edvel)<\/p>\n<p data-start=\"750\" data-end=\"829\"><strong data-start=\"750\" data-end=\"764\">Garantias:<\/strong><br data-start=\"764\" data-end=\"767\" \/>N \u2026\u2026\u2026\u2026. 20%<br data-start=\"786\" data-end=\"789\" \/>P\u2082O\u2085 \u2026\u2026\u2026. 05%<br data-start=\"808\" data-end=\"811\" \/>K\u2082O \u2026\u2026\u2026. 20%<\/p>\n<p data-start=\"831\" data-end=\"854\"><strong data-start=\"831\" data-end=\"844\">Conte\u00fado:<\/strong><br data-start=\"844\" data-end=\"847\" \/><strong data-start=\"847\" data-end=\"854\">5kg<\/strong><\/p>\n<p data-start=\"856\" data-end=\"910\"><strong data-start=\"856\" data-end=\"886\">Safra Brasil \u2013 Linha Ramos<\/strong><br data-start=\"886\" data-end=\"889\" \/>Fertilizante s\u00f3lido<\/p>\n","protected":false},"excerpt":{"rendered":"<div class=\"elementor-element elementor-element-53d39ef elementor-widget elementor-widget-heading\" data-id=\"53d39ef\" data-element_type=\"widget\" data-widget_type=\"heading.default\">\n<div class=\"elementor-widget-container\">\n<p class=\"elementor-heading-title elementor-size-default\">\u2022 20% de Nitrog\u00eanio \u2022 05% de F\u00f3sforo \u2022 20% de Pot\u00e1ssio Desenvolvido para atender as necessidades complementares de Nitrog\u00eanio, F\u00f3sforo e Pot\u00e1ssio em qualquer fase da cultura.<\/p>\n<\/div>\n<\/div>\n","protected":false},"featured_media":115,"comment_status":"open","ping_status":"closed","template":"","meta":[],"product_brand":[],"product_cat":[16],"product_tag":[],"class_list":{"0":"post-168","1":"product","2":"type-product","3":"status-publish","4":"has-post-thumbnail","6":"product_cat-sais","8":"first","9":"instock","10":"taxable","11":"shipping-taxable","12":"purchasable","13":"product-type-simple"},"_links":{"self":[{"href":"https:\/\/safrabrasilfertilizantes.com.br\/loja\/wp-json\/wp\/v2\/product\/168","targetHints":{"allow":["GET"]}}],"collection":[{"href":"https:\/\/safrabrasilfertilizantes.com.br\/loja\/wp-json\/wp\/v2\/product"}],"about":[{"href":"https:\/\/safrabrasilfertilizantes.com.br\/loja\/wp-json\/wp\/v2\/types\/product"}],"replies":[{"embeddable":true,"href":"https:\/\/safrabrasilfertilizantes.com.br\/loja\/wp-json\/wp\/v2\/comments?post=168"}],"wp:featuredmedia":[{"embeddable":true,"href":"https:\/\/safrabrasilfertilizantes.com.br\/loja\/wp-json\/wp\/v2\/media\/115"}],"wp:attachment":[{"href":"https:\/\/safrabrasilfertilizantes.com.br\/loja\/wp-json\/wp\/v2\/media?parent=168"}],"wp:term":[{"taxonomy":"product_brand","embeddable":true,"href":"https:\/\/safrabrasilfertilizantes.com.br\/loja\/wp-json\/wp\/v2\/product_brand?post=168"},{"taxonomy":"product_cat","embeddable":true,"href":"https:\/\/safrabrasilfertilizantes.com.br\/loja\/wp-json\/wp\/v2\/product_cat?post=168"},{"taxonomy":"product_tag","embeddable":true,"href":"https:\/\/safrabrasilfertilizantes.com.br\/loja\/wp-json\/wp\/v2\/product_tag?post=168"}],"curies":[{"name":"wp","href":"https:\/\/api.w.org\/{rel}","templated":true}]}}