{"id":169,"date":"2025-12-08T11:15:16","date_gmt":"2025-12-08T11:15:16","guid":{"rendered":"https:\/\/safrabrasilfertilizantes.com.br\/loja\/?post_type=product&#038;p=169"},"modified":"2026-02-17T18:16:10","modified_gmt":"2026-02-17T18:16:10","slug":"fill-power-10-10-40","status":"publish","type":"product","link":"https:\/\/safrabrasilfertilizantes.com.br\/loja\/produto\/fill-power-10-10-40\/","title":{"rendered":"FILL POWER &#8211; 10 10 40"},"content":{"rendered":"<p data-start=\"376\" data-end=\"424\"><strong data-start=\"393\" data-end=\"409\">Linha Maluli<\/strong><br data-start=\"409\" data-end=\"412\" \/><strong data-start=\"412\" data-end=\"424\">10-10-40<\/strong><\/p>\n<p data-start=\"426\" data-end=\"488\">(Bloco de texto explicativo \u2014 parcialmente leg\u00edvel na imagem:)<\/p>\n<p data-start=\"490\" data-end=\"655\">FILL POWER 10-10-40 foi desenvolvido para atender as necessidades complementares de Nitrog\u00eanio, F\u00f3sforo e Pot\u00e1ssio, podendo ser aplicado em qualquer fase da cultura.<\/p>\n<p data-start=\"657\" data-end=\"736\"><strong data-start=\"657\" data-end=\"671\">GARANTIAS:<\/strong><br data-start=\"671\" data-end=\"674\" \/>N \u2026\u2026\u2026\u2026. 10%<br data-start=\"693\" data-end=\"696\" \/>P\u2082O\u2085 \u2026\u2026\u2026. 10%<br data-start=\"715\" data-end=\"718\" \/>K\u2082O \u2026\u2026\u2026. 40%<\/p>\n<p data-start=\"738\" data-end=\"761\"><strong data-start=\"738\" data-end=\"751\">Conte\u00fado:<\/strong><br data-start=\"751\" data-end=\"754\" \/><strong data-start=\"754\" data-end=\"761\">5kg<\/strong><\/p>\n<p data-start=\"763\" data-end=\"816\"><strong data-start=\"763\" data-end=\"794\">Safra Brasil \u2013 Linha Maluli<\/strong><br data-start=\"794\" data-end=\"797\" \/>Fertilizante s\u00f3lido<\/p>\n","protected":false},"excerpt":{"rendered":"<div class=\"elementor-element elementor-element-53d39ef elementor-widget elementor-widget-heading\" data-id=\"53d39ef\" data-element_type=\"widget\" data-widget_type=\"heading.default\">\n<div class=\"elementor-widget-container\">\n<p class=\"elementor-heading-title elementor-size-default\">\u2022 10% de Nitrog\u00eanio \u2022 10% de F\u00f3sforo \u2022 40% de Pot\u00e1ssio Desenvolvido para atender as necessidades complementares de Nitrog\u00eanio, F\u00f3sforo e Pot\u00e1ssio em qualquer fase da cultura.<\/p>\n<\/div>\n<\/div>\n","protected":false},"featured_media":114,"comment_status":"open","ping_status":"closed","template":"","meta":[],"product_brand":[],"product_cat":[16],"product_tag":[],"class_list":{"0":"post-169","1":"product","2":"type-product","3":"status-publish","4":"has-post-thumbnail","6":"product_cat-sais","8":"first","9":"instock","10":"taxable","11":"shipping-taxable","12":"purchasable","13":"product-type-simple"},"_links":{"self":[{"href":"https:\/\/safrabrasilfertilizantes.com.br\/loja\/wp-json\/wp\/v2\/product\/169","targetHints":{"allow":["GET"]}}],"collection":[{"href":"https:\/\/safrabrasilfertilizantes.com.br\/loja\/wp-json\/wp\/v2\/product"}],"about":[{"href":"https:\/\/safrabrasilfertilizantes.com.br\/loja\/wp-json\/wp\/v2\/types\/product"}],"replies":[{"embeddable":true,"href":"https:\/\/safrabrasilfertilizantes.com.br\/loja\/wp-json\/wp\/v2\/comments?post=169"}],"wp:featuredmedia":[{"embeddable":true,"href":"https:\/\/safrabrasilfertilizantes.com.br\/loja\/wp-json\/wp\/v2\/media\/114"}],"wp:attachment":[{"href":"https:\/\/safrabrasilfertilizantes.com.br\/loja\/wp-json\/wp\/v2\/media?parent=169"}],"wp:term":[{"taxonomy":"product_brand","embeddable":true,"href":"https:\/\/safrabrasilfertilizantes.com.br\/loja\/wp-json\/wp\/v2\/product_brand?post=169"},{"taxonomy":"product_cat","embeddable":true,"href":"https:\/\/safrabrasilfertilizantes.com.br\/loja\/wp-json\/wp\/v2\/product_cat?post=169"},{"taxonomy":"product_tag","embeddable":true,"href":"https:\/\/safrabrasilfertilizantes.com.br\/loja\/wp-json\/wp\/v2\/product_tag?post=169"}],"curies":[{"name":"wp","href":"https:\/\/api.w.org\/{rel}","templated":true}]}}