{"id":176,"date":"2026-02-17T12:57:00","date_gmt":"2026-02-17T12:57:00","guid":{"rendered":"https:\/\/safrabrasilfertilizantes.com.br\/loja\/?post_type=product&#038;p=176"},"modified":"2026-02-17T18:16:02","modified_gmt":"2026-02-17T18:16:02","slug":"k-filing-05-05-45","status":"publish","type":"product","link":"https:\/\/safrabrasilfertilizantes.com.br\/loja\/produto\/k-filing-05-05-45\/","title":{"rendered":"K-FILING- 05 05 45"},"content":{"rendered":"<p data-start=\"376\" data-end=\"424\"><strong>K-Filing 05-05-45<\/strong>\u00a0foi desenvolvido para suprir de forma complementar as demandas de Nitrog\u00eanio, F\u00f3sforo e Pot\u00e1ssio em qualquer fase da cultura, contribuindo para o pleno desenvolvimento vegetativo e o equil\u00edbrio nutricional. Totalmente sol\u00favel em \u00e1gua e de r\u00e1pida absor\u00e7\u00e3o pelo solo e pelos tecidos vegetais, possui formula\u00e7\u00e3o balanceada que estimula processos fisiol\u00f3gicos essenciais, promovendo maior vigor \u00e0s plantas e auxiliando na redu\u00e7\u00e3o de estresses.<\/p>\n","protected":false},"excerpt":{"rendered":"<p>K-Filing 05-05-45\u00a0foi desenvolvido para suprir de forma complementar as demandas de Nitrog\u00eanio, F\u00f3sforo e Pot\u00e1ssio em qualquer fase da cultura, contribuindo para o pleno desenvolvimento vegetativo e o equil\u00edbrio nutricional. Totalmente sol\u00favel em \u00e1gua e de r\u00e1pida absor\u00e7\u00e3o pelo solo e pelos tecidos vegetais, possui formula\u00e7\u00e3o balanceada que estimula processos fisiol\u00f3gicos essenciais, promovendo maior vigor [&hellip;]<\/p>\n","protected":false},"featured_media":177,"comment_status":"open","ping_status":"closed","template":"","meta":[],"product_brand":[],"product_cat":[16],"product_tag":[],"class_list":{"0":"post-176","1":"product","2":"type-product","3":"status-publish","4":"has-post-thumbnail","6":"product_cat-sais","8":"first","9":"instock","10":"taxable","11":"shipping-taxable","12":"purchasable","13":"product-type-simple"},"_links":{"self":[{"href":"https:\/\/safrabrasilfertilizantes.com.br\/loja\/wp-json\/wp\/v2\/product\/176","targetHints":{"allow":["GET"]}}],"collection":[{"href":"https:\/\/safrabrasilfertilizantes.com.br\/loja\/wp-json\/wp\/v2\/product"}],"about":[{"href":"https:\/\/safrabrasilfertilizantes.com.br\/loja\/wp-json\/wp\/v2\/types\/product"}],"replies":[{"embeddable":true,"href":"https:\/\/safrabrasilfertilizantes.com.br\/loja\/wp-json\/wp\/v2\/comments?post=176"}],"wp:featuredmedia":[{"embeddable":true,"href":"https:\/\/safrabrasilfertilizantes.com.br\/loja\/wp-json\/wp\/v2\/media\/177"}],"wp:attachment":[{"href":"https:\/\/safrabrasilfertilizantes.com.br\/loja\/wp-json\/wp\/v2\/media?parent=176"}],"wp:term":[{"taxonomy":"product_brand","embeddable":true,"href":"https:\/\/safrabrasilfertilizantes.com.br\/loja\/wp-json\/wp\/v2\/product_brand?post=176"},{"taxonomy":"product_cat","embeddable":true,"href":"https:\/\/safrabrasilfertilizantes.com.br\/loja\/wp-json\/wp\/v2\/product_cat?post=176"},{"taxonomy":"product_tag","embeddable":true,"href":"https:\/\/safrabrasilfertilizantes.com.br\/loja\/wp-json\/wp\/v2\/product_tag?post=176"}],"curies":[{"name":"wp","href":"https:\/\/api.w.org\/{rel}","templated":true}]}}