{"id":178,"date":"2026-02-17T12:58:57","date_gmt":"2026-02-17T12:58:57","guid":{"rendered":"https:\/\/safrabrasilfertilizantes.com.br\/loja\/?post_type=product&#038;p=178"},"modified":"2026-02-17T18:07:50","modified_gmt":"2026-02-17T18:07:50","slug":"extermine","status":"publish","type":"product","link":"https:\/\/safrabrasilfertilizantes.com.br\/loja\/produto\/extermine\/","title":{"rendered":"Extermine"},"content":{"rendered":"<p><strong>Extermine<\/strong> \u00e9 um inseticida formulado para o controle eficaz de pragas na lavoura, oferecendo alto desempenho e excelentes resultados ambientais, agron\u00f4micos e econ\u00f4micos.<\/p>\n<p><strong>Recomenda\u00e7\u00f5es gerais:<\/strong><br \/>\nO Extermine deve ser aplicado preferencialmente por pulveriza\u00e7\u00e3o foliar, nos hor\u00e1rios mais frescos do dia, garantindo melhor absor\u00e7\u00e3o e desempenho. N\u00e3o h\u00e1 per\u00edodo de car\u00eancia entre a aplica\u00e7\u00e3o e a colheita. As doses recomendadas podem variar conforme a orienta\u00e7\u00e3o do t\u00e9cnico respons\u00e1vel, de acordo com as necessidades espec\u00edficas da cultura e das condi\u00e7\u00f5es de campo.<\/p>\n<p>&nbsp;<\/p>\n<table>\n<thead>\n<tr>\n<th><strong>Culturas<\/strong><\/th>\n<th><strong>Dosagem<\/strong><\/th>\n<\/tr>\n<\/thead>\n<tbody>\n<tr>\n<td>Batata, cebola, mandioca<\/td>\n<td>500 ml\/ha<\/td>\n<\/tr>\n<tr>\n<td>Alface, repolho, couve<\/td>\n<td>500 mlha<\/td>\n<\/tr>\n<tr>\n<td>Soja, feij\u00e3o, amendoim<\/td>\n<td>500 ml\/ha<\/td>\n<\/tr>\n<tr>\n<td>Milho, sorgo, pastagens<\/td>\n<td>500 mL\/ha<\/td>\n<\/tr>\n<tr>\n<td>Tomate, piment\u00e3o, berinjela<\/td>\n<td>500 mL\/ha<\/td>\n<\/tr>\n<tr>\n<td>Caf\u00e9, citrus, mam\u00e3o<\/td>\n<td>500 ml\/ha<\/td>\n<\/tr>\n<\/tbody>\n<\/table>\n","protected":false},"excerpt":{"rendered":"<p class=\"elementor-heading-title elementor-size-default\"><strong>Extermine<\/strong> \u00e9 um <strong>adjuvante<\/strong> formulado para potencializar a a\u00e7\u00e3o e a efici\u00eancia de inseticidas de contato, proporcionando excelentes resultados ambientais, agron\u00f4micos e econ\u00f4micos.<\/p>\n","protected":false},"featured_media":179,"comment_status":"open","ping_status":"closed","template":"","meta":[],"product_brand":[],"product_cat":[16],"product_tag":[],"class_list":{"0":"post-178","1":"product","2":"type-product","3":"status-publish","4":"has-post-thumbnail","6":"product_cat-sais","8":"first","9":"instock","10":"taxable","11":"shipping-taxable","12":"purchasable","13":"product-type-simple"},"_links":{"self":[{"href":"https:\/\/safrabrasilfertilizantes.com.br\/loja\/wp-json\/wp\/v2\/product\/178","targetHints":{"allow":["GET"]}}],"collection":[{"href":"https:\/\/safrabrasilfertilizantes.com.br\/loja\/wp-json\/wp\/v2\/product"}],"about":[{"href":"https:\/\/safrabrasilfertilizantes.com.br\/loja\/wp-json\/wp\/v2\/types\/product"}],"replies":[{"embeddable":true,"href":"https:\/\/safrabrasilfertilizantes.com.br\/loja\/wp-json\/wp\/v2\/comments?post=178"}],"wp:featuredmedia":[{"embeddable":true,"href":"https:\/\/safrabrasilfertilizantes.com.br\/loja\/wp-json\/wp\/v2\/media\/179"}],"wp:attachment":[{"href":"https:\/\/safrabrasilfertilizantes.com.br\/loja\/wp-json\/wp\/v2\/media?parent=178"}],"wp:term":[{"taxonomy":"product_brand","embeddable":true,"href":"https:\/\/safrabrasilfertilizantes.com.br\/loja\/wp-json\/wp\/v2\/product_brand?post=178"},{"taxonomy":"product_cat","embeddable":true,"href":"https:\/\/safrabrasilfertilizantes.com.br\/loja\/wp-json\/wp\/v2\/product_cat?post=178"},{"taxonomy":"product_tag","embeddable":true,"href":"https:\/\/safrabrasilfertilizantes.com.br\/loja\/wp-json\/wp\/v2\/product_tag?post=178"}],"curies":[{"name":"wp","href":"https:\/\/api.w.org\/{rel}","templated":true}]}}