{"id":61,"date":"2025-12-06T10:09:16","date_gmt":"2025-12-06T10:09:16","guid":{"rendered":"https:\/\/safrabrasilfertilizantes.com.br\/loja\/?post_type=product&#038;p=61"},"modified":"2026-02-17T18:19:34","modified_gmt":"2026-02-17T18:19:34","slug":"turfa-black","status":"publish","type":"product","link":"https:\/\/safrabrasilfertilizantes.com.br\/loja\/produto\/turfa-black\/","title":{"rendered":"TURFA Black"},"content":{"rendered":"<h5 data-start=\"323\" data-end=\"363\"><strong data-start=\"329\" data-end=\"363\">1. Melhora a estrutura do solo<\/strong><\/h5>\n<ul data-start=\"364\" data-end=\"466\">\n<li data-start=\"364\" data-end=\"415\">\n<p data-start=\"366\" data-end=\"415\">Aumenta a\u00a0<strong data-start=\"376\" data-end=\"387\">aera\u00e7\u00e3o<\/strong>\u00a0e a\u00a0<strong data-start=\"392\" data-end=\"412\">reten\u00e7\u00e3o de \u00e1gua<\/strong>.<\/p>\n<\/li>\n<li data-start=\"416\" data-end=\"466\">\n<p data-start=\"418\" data-end=\"466\">Reduz compacta\u00e7\u00e3o em solos pesados ou argilosos.<\/p>\n<\/li>\n<\/ul>\n<h5 data-start=\"468\" data-end=\"520\"><strong data-start=\"474\" data-end=\"520\">2. Estimula ra\u00edzes mais fortes e profundas<\/strong><\/h5>\n<ul data-start=\"521\" data-end=\"660\">\n<li data-start=\"521\" data-end=\"574\">\n<p data-start=\"523\" data-end=\"574\">Os \u00e1cidos h\u00famicos ativam o crescimento radicular.<\/p>\n<\/li>\n<li data-start=\"575\" data-end=\"660\">\n<p data-start=\"577\" data-end=\"660\">Plantas enra\u00edzam mais r\u00e1pido, crescem com mais vigor e resistem melhor ao estresse.<\/p>\n<\/li>\n<\/ul>\n<h5 data-start=\"662\" data-end=\"707\"><strong data-start=\"668\" data-end=\"707\">3. Aumenta a absor\u00e7\u00e3o de nutrientes<\/strong><\/h5>\n<ul data-start=\"708\" data-end=\"867\">\n<li data-start=\"708\" data-end=\"811\">\n<p data-start=\"710\" data-end=\"811\">Funciona como um\u00a0<strong data-start=\"727\" data-end=\"748\">carreador natural<\/strong>, facilitando a entrada de macro e micronutrientes na planta.<\/p>\n<\/li>\n<li data-start=\"812\" data-end=\"867\">\n<p data-start=\"814\" data-end=\"867\">Melhora a efici\u00eancia de fertilizantes NPK e foliares.<\/p>\n<\/li>\n<\/ul>\n<h5 data-start=\"869\" data-end=\"911\"><strong data-start=\"875\" data-end=\"911\">4. Ativa a microbiologia do solo<\/strong><\/h5>\n<ul data-start=\"912\" data-end=\"1003\">\n<li data-start=\"912\" data-end=\"950\">\n<p data-start=\"914\" data-end=\"950\">Alimenta microrganismos ben\u00e9ficos.<\/p>\n<\/li>\n<li data-start=\"951\" data-end=\"1003\">\n<p data-start=\"953\" data-end=\"1003\">Favorece a forma\u00e7\u00e3o de um solo mais vivo e f\u00e9rtil.<\/p>\n<\/li>\n<\/ul>\n<h5 data-start=\"1005\" data-end=\"1053\"><strong data-start=\"1011\" data-end=\"1053\">5. Ajuda no equil\u00edbrio qu\u00edmico do solo<\/strong><\/h5>\n<ul data-start=\"1054\" data-end=\"1157\">\n<li data-start=\"1054\" data-end=\"1115\">\n<p data-start=\"1056\" data-end=\"1115\">Atua como\u00a0<strong data-start=\"1066\" data-end=\"1080\">tamponante<\/strong>, ajudando na estabilidade do pH.<\/p>\n<\/li>\n<li data-start=\"1116\" data-end=\"1157\">\n<p data-start=\"1118\" data-end=\"1157\">Diminui a toxicidade de metais pesados.<\/p>\n<\/li>\n<\/ul>\n<h5 data-start=\"1159\" data-end=\"1205\"><strong data-start=\"1165\" data-end=\"1205\">6. Aumenta a resist\u00eancia das plantas<\/strong><\/h5>\n<ul data-start=\"1206\" data-end=\"1346\">\n<li data-start=\"1206\" data-end=\"1346\">\n<p data-start=\"1208\" data-end=\"1274\">Plantas tratadas com turfa l\u00edquida costumam ser mais tolerantes a:<\/p>\n<ul data-start=\"1277\" data-end=\"1346\">\n<li data-start=\"1277\" data-end=\"1285\">\n<p data-start=\"1279\" data-end=\"1285\">seca<\/p>\n<\/li>\n<li data-start=\"1288\" data-end=\"1299\">\n<p data-start=\"1290\" data-end=\"1299\">doen\u00e7as<\/p>\n<\/li>\n<li data-start=\"1302\" data-end=\"1316\">\n<p data-start=\"1304\" data-end=\"1316\">salinidade<\/p>\n<\/li>\n<li data-start=\"1319\" data-end=\"1346\">\n<p data-start=\"1321\" data-end=\"1346\">mudan\u00e7as bruscas de clima<\/p>\n<\/li>\n<\/ul>\n<\/li>\n<\/ul>\n","protected":false},"excerpt":{"rendered":"<p>A Turfa Black \u00e9 um insumo natural de elevada import\u00e2ncia para o setor agr\u00edcola, formada ao longo de milhares de anos pela decomposi\u00e7\u00e3o parcial de materiais vegetais em ambientes \u00famidos. Rica em mat\u00e9ria org\u00e2nica e com excelente capacidade de reten\u00e7\u00e3o de \u00e1gua e nutrientes, ela se destaca como um dos mais eficientes condicionadores de solo utilizados no agroneg\u00f3cio moderno.<\/p>\n","protected":false},"featured_media":62,"comment_status":"open","ping_status":"closed","template":"","meta":[],"product_brand":[],"product_cat":[17],"product_tag":[],"class_list":{"0":"post-61","1":"product","2":"type-product","3":"status-publish","4":"has-post-thumbnail","6":"product_cat-liquidos","8":"first","9":"instock","10":"taxable","11":"shipping-taxable","12":"purchasable","13":"product-type-simple"},"_links":{"self":[{"href":"https:\/\/safrabrasilfertilizantes.com.br\/loja\/wp-json\/wp\/v2\/product\/61","targetHints":{"allow":["GET"]}}],"collection":[{"href":"https:\/\/safrabrasilfertilizantes.com.br\/loja\/wp-json\/wp\/v2\/product"}],"about":[{"href":"https:\/\/safrabrasilfertilizantes.com.br\/loja\/wp-json\/wp\/v2\/types\/product"}],"replies":[{"embeddable":true,"href":"https:\/\/safrabrasilfertilizantes.com.br\/loja\/wp-json\/wp\/v2\/comments?post=61"}],"wp:featuredmedia":[{"embeddable":true,"href":"https:\/\/safrabrasilfertilizantes.com.br\/loja\/wp-json\/wp\/v2\/media\/62"}],"wp:attachment":[{"href":"https:\/\/safrabrasilfertilizantes.com.br\/loja\/wp-json\/wp\/v2\/media?parent=61"}],"wp:term":[{"taxonomy":"product_brand","embeddable":true,"href":"https:\/\/safrabrasilfertilizantes.com.br\/loja\/wp-json\/wp\/v2\/product_brand?post=61"},{"taxonomy":"product_cat","embeddable":true,"href":"https:\/\/safrabrasilfertilizantes.com.br\/loja\/wp-json\/wp\/v2\/product_cat?post=61"},{"taxonomy":"product_tag","embeddable":true,"href":"https:\/\/safrabrasilfertilizantes.com.br\/loja\/wp-json\/wp\/v2\/product_tag?post=61"}],"curies":[{"name":"wp","href":"https:\/\/api.w.org\/{rel}","templated":true}]}}